{"id":2237,"date":"2023-11-26T12:30:00","date_gmt":"2023-11-26T12:30:00","guid":{"rendered":"https:\/\/www.gseentreprise.com\/?page_id=2237"},"modified":"2025-12-14T13:44:31","modified_gmt":"2025-12-14T13:44:31","slug":"firmaattest","status":"publish","type":"page","link":"https:\/\/www.gseentreprise.com\/no\/firmaattest\/","title":{"rendered":"Firmaattest"},"content":{"rendered":"<div class=\"wpb-content-wrapper\"><p>[vc_row][vc_column][vc_single_image image=&raquo;631&#8243; img_size=&raquo;full&raquo; alignment=&raquo;center&raquo; parallax_scroll=&raquo;no&raquo; woodmart_inline=&raquo;no&raquo;][vc_column_text woodmart_inline=&raquo;no&raquo; text_larger=&raquo;no&raquo;]<span style=\"color: #000000;\"><strong>Selskapet GSEEFM<\/strong><\/span> er et Enkeltpersonforetak med Begrenset Ansvar (EUSRL) som kun best\u00e5r av \u00e9n eier. Det f\u00f8lger derfor de samme juridiske reglene som gjelder for et aksjeselskap (SARL), med unntak av de n\u00f8dvendige tilpasningene for at det kun skal v\u00e6re \u00e9n eier.[\/vc_column_text][vc_row_inner equal_height=&raquo;yes&raquo; woodmart_css_id=&raquo;693ebd588e26c&raquo; responsive_spacing=&raquo;eyJwYXJhbV90eXBlIjoid29vZG1hcnRfcmVzcG9uc2l2ZV9zcGFjaW5nIiwic2VsZWN0b3JfaWQiOiI2OTNlYmQ1ODhlMjZjIiwic2hvcnRjb2RlIjoidmNfcm93X2lubmVyIiwiZGF0YSI6eyJ0YWJsZXQiOnt9LCJtb2JpbGUiOnt9fX0=&raquo; mobile_bg_img_hidden=&raquo;no&raquo; tablet_bg_img_hidden=&raquo;no&raquo; woodmart_parallax=&raquo;0&#8243; woodmart_gradient_switch=&raquo;no&raquo; woodmart_box_shadow=&raquo;no&raquo; wd_z_index=&raquo;no&raquo; woodmart_disable_overflow=&raquo;0&#8243; row_reverse_mobile=&raquo;0&#8243; row_reverse_tablet=&raquo;0&#8243;][vc_column_inner width=&raquo;1\/2&#8243;][vc_single_image image=&raquo;2399&#8243; img_size=&raquo;full&raquo; parallax_scroll=&raquo;no&raquo; woodmart_inline=&raquo;no&raquo;][\/vc_column_inner][vc_column_inner width=&raquo;1\/2&#8243;][vc_video link=&raquo;https:\/\/youtu.be\/YTN8dvJfH-Q&raquo; woodmart_css_id=&raquo;693ebd9d1cbb6&#8243; image_poster_switch=&raquo;no&raquo;][\/vc_column_inner][\/vc_row_inner]\t\t\t<link rel=\"stylesheet\" id=\"wd-section-title-css\" href=\"https:\/\/www.gseentreprise.com\/wp-content\/themes\/woodmart\/css\/parts\/el-section-title.min.css?ver=7.3.0\" type=\"text\/css\" media=\"all\" \/> \t\t\t\t\t\t<link rel=\"stylesheet\" id=\"wd-mod-highlighted-text-css\" href=\"https:\/\/www.gseentreprise.com\/wp-content\/themes\/woodmart\/css\/parts\/mod-highlighted-text.min.css?ver=7.3.0\" type=\"text\/css\" media=\"all\" \/> \t\t\t\n\t\t<div id=\"wd-6751f22c5fe5f\" class=\"title-wrapper wd-wpb set-mb-s reset-last-child  wd-rs-6751f22c5fe5f wd-title-color-default wd-title-style-default text-left  wd-underline-colored\">\n\t\t\t\n\t\t\t<div class=\"liner-continer\">\n\t\t\t\t<h4 class=\"woodmart-title-container title  wd-font-weight- wd-fontsize-l\" >Bedrift profil<\/h4>\n\t\t\t\t\t\t\t<\/div>\n\t\t\t\n\t\t\t\n\t\t\t\n\t\t<\/div>\n\t\t\n\t\t[vc_column_text woodmart_inline=&raquo;no&raquo; text_larger=&raquo;no&raquo;]<strong>Organisasjonsnummer:<\/strong> 932 530 317<br \/>\n<strong>Organisasjonsform<\/strong>: Enkeltpersonforetak<br \/>\n<strong>Foretaksnavn:<\/strong> GSEEFM<br \/>\n<strong>Fornetningsadresse:<\/strong> V\u00e6rftsgata 6 N 1511 Moss<\/p>\n<p><strong>Land:<\/strong> Norge<br \/>\n<strong>Innehaver:<\/strong> Lakhdar Boussakra (Fifa Fotball Agent)<br \/>\n<strong>Prokura:<\/strong> Lakhdar Boussakra (Fifa Fotball Agent)<br \/>\n<strong>N\u00e6ringsvirksomhet:<\/strong> Fifa Spiller Agent &amp;Kamp Agent.Overf\u00f8ring av fotball spillere &amp; organisering av Fotballarrangement \u2013Oppdagelse &amp; prospektering av unge talentfulle Fotballspilleren<\/p>\n<p>GSEEFM er et FIFA godkjent Spiller &amp; Kampagentselskap registrert i Br\u00f8nn\u00f8ysundregistret som selskap.<\/p>\n<p><strong>Hovedkontor:<\/strong> V\u00e6rftsga 6 N 1511 Norge<br \/>\n<strong>Registrering:<\/strong> (Br\u00f8nn\u00f8ysundregistrene)<br \/>\n<strong>E-post:<\/strong> <a href=\"mailto:planetfoot_agency@hotmail.fr\">planetfoot_agency@hotmail.fr <\/a>\u00a0\/ <a href=\"mailto:Contact.gse.football@gmail.com\">Contact.gse.football@gmail.com<\/a><\/p>\n<p><strong>Tel:<\/strong> +47 984 78 746\u00a0 \/\u00a0 +47 998 88 303<\/p>\n<p>[\/vc_column_text][\/vc_column][\/vc_row]<\/p>\n<\/div>","protected":false},"excerpt":{"rendered":"<p>[vc_row][vc_column][vc_single_image image=&raquo;631&#8243; img_size=&raquo;full&raquo; alignment=&raquo;center&raquo; parallax_scroll=&raquo;no&raquo; woodmart_inline=&raquo;no&raquo;][vc_column_text woodmart_inline=&raquo;no&raquo; text_larger=&raquo;no&raquo;]Selskapet GSEEFM er et Enkeltpersonforetak med Begrenset Ansvar (EUSRL) som kun best\u00e5r av<\/p>\n","protected":false},"author":1,"featured_media":0,"parent":0,"menu_order":0,"comment_status":"closed","ping_status":"closed","template":"","meta":{"footnotes":""},"class_list":["post-2237","page","type-page","status-publish","hentry"],"_links":{"self":[{"href":"https:\/\/www.gseentreprise.com\/no\/wp-json\/wp\/v2\/pages\/2237","targetHints":{"allow":["GET"]}}],"collection":[{"href":"https:\/\/www.gseentreprise.com\/no\/wp-json\/wp\/v2\/pages"}],"about":[{"href":"https:\/\/www.gseentreprise.com\/no\/wp-json\/wp\/v2\/types\/page"}],"author":[{"embeddable":true,"href":"https:\/\/www.gseentreprise.com\/no\/wp-json\/wp\/v2\/users\/1"}],"replies":[{"embeddable":true,"href":"https:\/\/www.gseentreprise.com\/no\/wp-json\/wp\/v2\/comments?post=2237"}],"version-history":[{"count":3,"href":"https:\/\/www.gseentreprise.com\/no\/wp-json\/wp\/v2\/pages\/2237\/revisions"}],"predecessor-version":[{"id":2404,"href":"https:\/\/www.gseentreprise.com\/no\/wp-json\/wp\/v2\/pages\/2237\/revisions\/2404"}],"wp:attachment":[{"href":"https:\/\/www.gseentreprise.com\/no\/wp-json\/wp\/v2\/media?parent=2237"}],"curies":[{"name":"wp","href":"https:\/\/api.w.org\/{rel}","templated":true}]}}