{"id":2242,"date":"2023-10-13T15:41:38","date_gmt":"2023-10-13T15:41:38","guid":{"rendered":"https:\/\/www.gseentreprise.com\/?page_id=2242"},"modified":"2024-12-05T19:56:50","modified_gmt":"2024-12-05T19:56:50","slug":"kompetanse-visjon-verdier","status":"publish","type":"page","link":"https:\/\/www.gseentreprise.com\/no\/kompetanse-visjon-verdier\/","title":{"rendered":"Kompetanse -visjon &#038; verdier"},"content":{"rendered":"<div class=\"wpb-content-wrapper\"><p>[vc_row][vc_column][vc_single_image image=&raquo;525&#8243; img_size=&raquo;full&raquo; alignment=&raquo;center&raquo; parallax_scroll=&raquo;no&raquo; woodmart_inline=&raquo;no&raquo;]\t\t\t<link rel=\"stylesheet\" id=\"wd-text-block-css\" href=\"https:\/\/www.gseentreprise.com\/wp-content\/themes\/woodmart\/css\/parts\/el-text-block.min.css?ver=7.3.0\" type=\"text\/css\" media=\"all\" \/> \t\t\t\t\t<div id=\"wd-6751f7000c538\" class=\"wd-text-block wd-wpb reset-last-child wd-rs-6751f7000c538 text-left \">\n\t\t\t<p>G.S.E.E.F.M har sett med tekniske ferdigheter for best mulig r\u00e5dgivning til sine kunder.<\/p>\n\t\t<\/div>\n\t\t[\/vc_column][\/vc_row][vc_row responsive_tabs_advanced=&raquo;mobile&raquo; css=&raquo;.vc_custom_1697211886360{margin-top: 50px !important;}&raquo; woodmart_css_id=&raquo;652965e44c47b&raquo; responsive_spacing=&raquo;eyJwYXJhbV90eXBlIjoid29vZG1hcnRfcmVzcG9uc2l2ZV9zcGFjaW5nIiwic2VsZWN0b3JfaWQiOiI2NTI5NjVlNDRjNDdiIiwic2hvcnRjb2RlIjoidmNfcm93IiwiZGF0YSI6eyJ0YWJsZXQiOnt9LCJtb2JpbGUiOnt9fX0=&raquo; mobile_bg_img_hidden=&raquo;no&raquo; tablet_bg_img_hidden=&raquo;no&raquo; woodmart_parallax=&raquo;0&#8243; woodmart_gradient_switch=&raquo;no&raquo; woodmart_box_shadow=&raquo;no&raquo; wd_z_index=&raquo;no&raquo; woodmart_disable_overflow=&raquo;0&#8243; row_reverse_mobile=&raquo;1&#8243; row_reverse_tablet=&raquo;0&#8243;][vc_column width=&raquo;1\/2&#8243;]\t\t\t<link rel=\"stylesheet\" id=\"wd-section-title-css\" href=\"https:\/\/www.gseentreprise.com\/wp-content\/themes\/woodmart\/css\/parts\/el-section-title.min.css?ver=7.3.0\" type=\"text\/css\" media=\"all\" \/> \t\t\t\t\t\t<link rel=\"stylesheet\" id=\"wd-section-title-style-simple-and-brd-css\" href=\"https:\/\/www.gseentreprise.com\/wp-content\/themes\/woodmart\/css\/parts\/el-section-title-style-simple-and-brd.min.css?ver=7.3.0\" type=\"text\/css\" media=\"all\" \/> \t\t\t\t\t\t<link rel=\"stylesheet\" id=\"wd-mod-highlighted-text-css\" href=\"https:\/\/www.gseentreprise.com\/wp-content\/themes\/woodmart\/css\/parts\/mod-highlighted-text.min.css?ver=7.3.0\" type=\"text\/css\" media=\"all\" \/> \t\t\t\n\t\t<div id=\"wd-6751f709bf579\" class=\"title-wrapper wd-wpb set-mb-s reset-last-child  wd-rs-6751f709bf579 wd-title-color-primary wd-title-style-simple text-left  wd-underline-colored\">\n\t\t\t\n\t\t\t<div class=\"liner-continer\">\n\t\t\t\t<h2 class=\"woodmart-title-container title  wd-font-weight- wd-fontsize-l\" >Prinsippene for kompetanse<\/h2>\n\t\t\t\t\t\t\t<\/div>\n\t\t\t\n\t\t\t\n\t\t\t\n\t\t<\/div>\n\t\t\n\t\t\t\t<div id=\"wd-6751f71c912b1\" class=\"wd-text-block wd-wpb reset-last-child wd-rs-6751f71c912b1 text-left \">\n\t\t\t<ol>\n<li><span style=\"color: #000000;\"><strong>Empati:<\/strong><\/span> Lytte til kunde<\/li>\n<li><strong><span style=\"color: #000000;\">Forhold:<\/span><\/strong> Et nettverk med adressebok<\/li>\n<li><strong><span style=\"color: #000000;\">T\u00e5lmodighet:<\/span><\/strong> \u00c5 v\u00e6re en sportagent betyr \u00e5 v\u00e6re t\u00e5lmodig<\/li>\n<li><strong><span style=\"color: #000000;\">Strenghet:<\/span><\/strong> Tillit og oppriktighet i dene daglige organisasjonen<\/li>\n<li><strong><span style=\"color: #000000;\">Diskresjon:<\/span><\/strong> Live skjult for \u00e5 gi n\u00f8yaktig et bekreftet informasjon<\/li>\n<\/ol>\n\t\t<\/div>\n\t\t[\/vc_column][vc_column width=&raquo;1\/2&#8243;][vc_single_image image=&raquo;527&#8243; img_size=&raquo;full&raquo; parallax_scroll=&raquo;no&raquo; woodmart_inline=&raquo;no&raquo;][\/vc_column][\/vc_row][vc_row responsive_tabs_advanced=&raquo;mobile&raquo; woodmart_css_id=&raquo;65296e0320c8a&raquo; responsive_spacing=&raquo;eyJwYXJhbV90eXBlIjoid29vZG1hcnRfcmVzcG9uc2l2ZV9zcGFjaW5nIiwic2VsZWN0b3JfaWQiOiI2NTI5NmUwMzIwYzhhIiwic2hvcnRjb2RlIjoidmNfcm93IiwiZGF0YSI6eyJ0YWJsZXQiOnt9LCJtb2JpbGUiOnt9fX0=&raquo; mobile_bg_img_hidden=&raquo;no&raquo; tablet_bg_img_hidden=&raquo;no&raquo; woodmart_parallax=&raquo;0&#8243; woodmart_gradient_switch=&raquo;no&raquo; woodmart_box_shadow=&raquo;no&raquo; wd_z_index=&raquo;no&raquo; woodmart_disable_overflow=&raquo;0&#8243; row_reverse_mobile=&raquo;0&#8243; row_reverse_tablet=&raquo;0&#8243; css=&raquo;.vc_custom_1697213970221{margin-top: 50px !important;}&raquo;][vc_column width=&raquo;1\/3&#8243;][vc_single_image image=&raquo;553&#8243; img_size=&raquo;full&raquo; parallax_scroll=&raquo;no&raquo; woodmart_inline=&raquo;no&raquo;][\/vc_column][vc_column width=&raquo;2\/3&#8243;]\n\t\t<div id=\"wd-6751f77dd63b1\" class=\"title-wrapper wd-wpb set-mb-s reset-last-child  wd-rs-6751f77dd63b1 wd-title-color-primary wd-title-style-simple text-left  wd-underline-colored\">\n\t\t\t\n\t\t\t<div class=\"liner-continer\">\n\t\t\t\t<h2 class=\"woodmart-title-container title  wd-font-weight- wd-fontsize-l\" >V\u00e5r visjon<\/h2>\n\t\t\t\t\t\t\t<\/div>\n\t\t\t\n\t\t\t\n\t\t\t\n\t\t<\/div>\n\t\t\n\t\t\t\t<div id=\"wd-6751f795da06e\" class=\"wd-text-block wd-wpb reset-last-child wd-rs-6751f795da06e text-left \">\n\t\t\t<p>V\u00e5r GSEEFM har sin visjon som f\u00f8lger:<\/p>\n<ol>\n<li>\u00a0V\u00e6re god hverdagsrelasjoner<\/li>\n<li>\u00a0Kjenn emnet .markedet -hold deg godt informert<\/li>\n<li>\u00a0V\u00e6r t\u00e5lmodig vet hvordan du skal v\u00e6re villig<\/li>\n<li>\u00a0V\u00e6r realistisk \u2013tillit er fortjent og dyrket det er med tillit at GSEEFM respekteres i fotballverdenen<\/li>\n<li>\u00a0Vite \u00e5 v\u00e6re diskret og arbeide med diskresjon<\/li>\n<\/ol>\n\t\t<\/div>\n\t\t[\/vc_column][\/vc_row][vc_row responsive_tabs_advanced=&raquo;mobile&raquo; css=&raquo;.vc_custom_1697211886360{margin-top: 50px !important;}&raquo; woodmart_css_id=&raquo;652965e44c47b&raquo; responsive_spacing=&raquo;eyJwYXJhbV90eXBlIjoid29vZG1hcnRfcmVzcG9uc2l2ZV9zcGFjaW5nIiwic2VsZWN0b3JfaWQiOiI2NTI5NjVlNDRjNDdiIiwic2hvcnRjb2RlIjoidmNfcm93IiwiZGF0YSI6eyJ0YWJsZXQiOnt9LCJtb2JpbGUiOnt9fX0=&raquo; mobile_bg_img_hidden=&raquo;no&raquo; tablet_bg_img_hidden=&raquo;no&raquo; woodmart_parallax=&raquo;0&#8243; woodmart_gradient_switch=&raquo;no&raquo; woodmart_box_shadow=&raquo;no&raquo; wd_z_index=&raquo;no&raquo; woodmart_disable_overflow=&raquo;0&#8243; row_reverse_mobile=&raquo;1&#8243; row_reverse_tablet=&raquo;0&#8243;][vc_column width=&raquo;1\/2&#8243;]\n\t\t<div id=\"wd-6751f87f2ba0b\" class=\"title-wrapper wd-wpb set-mb-s reset-last-child  wd-rs-6751f87f2ba0b wd-title-color-primary wd-title-style-simple text-left  wd-underline-colored\">\n\t\t\t\n\t\t\t<div class=\"liner-continer\">\n\t\t\t\t<h2 class=\"woodmart-title-container title  wd-font-weight- wd-fontsize-l\" >V\u00e5rt oppdrag<\/h2>\n\t\t\t\t\t\t\t<\/div>\n\t\t\t\n\t\t\t\n\t\t\t\n\t\t<\/div>\n\t\t\n\t\t\t\t<div id=\"wd-6751f88e5b4a6\" class=\"wd-text-block wd-wpb reset-last-child wd-rs-6751f88e5b4a6 text-left \">\n\t\t\t<p>Oppdraget ti GSEEFM er artikulert som f\u00f8lger<\/p>\n<ol>\n<li>reaksjon<\/li>\n<li>forhandle kontrakter<\/li>\n<li>koble sammen spillere-trenere og klubber<\/li>\n<li>r\u00e5d<\/li>\n<\/ol>\n<p>GSEEFM MED FLERE TJENESTER<\/p>\n<ol>\n<li>st\u00f8tte beslutningstaking<\/li>\n<li>reflektere over din karriere etter idrett<\/li>\n<li>ansvarlig for v\u00e5re kunders kommunikasjon<\/li>\n<\/ol>\n\t\t<\/div>\n\t\t[\/vc_column][vc_column width=&raquo;1\/2&#8243;][vc_single_image image=&raquo;531&#8243; img_size=&raquo;full&raquo; parallax_scroll=&raquo;no&raquo; woodmart_inline=&raquo;no&raquo;][\/vc_column][\/vc_row][vc_row][vc_column]\t\t<div id=\"wd-67520204156a1\" class=\"wd-text-block wd-wpb reset-last-child wd-rs-67520204156a1 text-left \">\n\t\t\t<p>Ferdigheter og egenskaper som er n\u00f8dvendige for \u00e5 utf\u00f8re denne aktiviteter som FIFA spilleragent:<\/p>\n<ol>\n<li>utmerket kunnskap<\/li>\n<li>ha et rent strafferegister og up\u00e5lkagelig etikk<\/li>\n<li>god kunnskap om koder og praksis innen kommunikasjon og markedsf\u00f8ring<\/li>\n<li>betydninger av kontrakten<\/li>\n<li>f\u00f8delse av forhandling og lytting<\/li>\n<li>strenghet og utholdenhet<\/li>\n<li>kunnskap og d\u00f8mmekraft<\/li>\n<\/ol>\n<p>&nbsp;<\/p>\n\t\t<\/div>\n\t\t[\/vc_column][\/vc_row][vc_row responsive_tabs_advanced=&raquo;mobile&raquo; css=&raquo;.vc_custom_1697211886360{margin-top: 50px !important;}&raquo; woodmart_css_id=&raquo;652965e44c47b&raquo; responsive_spacing=&raquo;eyJwYXJhbV90eXBlIjoid29vZG1hcnRfcmVzcG9uc2l2ZV9zcGFjaW5nIiwic2VsZWN0b3JfaWQiOiI2NTI5NjVlNDRjNDdiIiwic2hvcnRjb2RlIjoidmNfcm93IiwiZGF0YSI6eyJ0YWJsZXQiOnt9LCJtb2JpbGUiOnt9fX0=&raquo; mobile_bg_img_hidden=&raquo;no&raquo; tablet_bg_img_hidden=&raquo;no&raquo; woodmart_parallax=&raquo;0&#8243; woodmart_gradient_switch=&raquo;no&raquo; woodmart_box_shadow=&raquo;no&raquo; wd_z_index=&raquo;no&raquo; woodmart_disable_overflow=&raquo;0&#8243; row_reverse_mobile=&raquo;1&#8243; row_reverse_tablet=&raquo;0&#8243;][vc_column width=&raquo;1\/2&#8243;]\n\t\t<div id=\"wd-675202154a13e\" class=\"title-wrapper wd-wpb set-mb-s reset-last-child  wd-rs-675202154a13e wd-title-color-primary wd-title-style-simple text-left  wd-underline-colored\">\n\t\t\t\n\t\t\t<div class=\"liner-continer\">\n\t\t\t\t<h2 class=\"woodmart-title-container title  wd-font-weight- wd-fontsize-l\" >V\u00e5re verdier<\/h2>\n\t\t\t\t\t\t\t<\/div>\n\t\t\t\n\t\t\t\n\t\t\t\n\t\t<\/div>\n\t\t\n\t\t\t\t<div id=\"wd-675202314a0c3\" class=\"wd-text-block wd-wpb reset-last-child wd-rs-675202314a0c3 text-left \">\n\t\t\t<p>GSEEFM \u00f8nsket \u00e5 gi verdi<\/p>\n<ol>\n<li>\u00a0En ekte forplikelse til v\u00e5re kunder<\/li>\n<li>\u00a0Alltid v\u00e6re eksemplarisk<\/li>\n<li>\u00a0V\u00e5r aktivitet med etisk \u00e5penhet pedagogisk og strenghet<\/li>\n<\/ol>\n<p>V\u00e5rt firma m\u00e5 v\u00e6re en god bror for kunden .V\u00e5r GSEEFM jobber \u00e6rlig i denne sv\u00e6rt regulerte aktiviteten et spennende felt.alltid p\u00e5 bakken med et veldig menneskelig aspekt.<\/p>\n\t\t<\/div>\n\t\t[\/vc_column][vc_column width=&raquo;1\/2&#8243;][vc_single_image image=&raquo;539&#8243; img_size=&raquo;full&raquo; parallax_scroll=&raquo;no&raquo; woodmart_inline=&raquo;no&raquo;][\/vc_column][\/vc_row][vc_row][vc_column]\t\t<div id=\"wd-675202658b3b2\" class=\"wd-text-block wd-wpb reset-last-child wd-rs-675202658b3b2 text-left \">\n\t\t\t<p>Tjenesten v\u00e5r tilbys i sammenheng med fotball enten det er p\u00e5 vegne av v\u00e5r klient,inkludert forhandlinger,kommunikasjon knyttet til eller forberedelse til forhandlinger eller enhver annen aktivitet knyttet til dette med det form\u00e5l eller intensjonen \u00e5 inng\u00e5 en transaksjon.<\/p>\n<p>V\u00e5r tilit og respekt for \u00e5 lytte til kundene v\u00e5re gir oss suksess med v\u00e5r aktivitet.<\/p>\n<p>V\u00e5rt harde arbeid p\u00e5 daglig basis for v\u00e5re kunder og v\u00e5r beste m\u00e5te \u00e5 takke deg p\u00e5 og vise deg tilliten du setter til oss v\u00e5r \u00e6rlighet n\u00e5r karrieren til v\u00e5re kunder blir sentrum for v\u00e5re bekymringer v\u00e5r st\u00f8tte i agentforholdet til FIFA og kunden er en reaksjon p\u00e5 n\u00e6rhet ekstrem tillit og deling trekker inn dette vakre forholdet v\u00e5r virksomhet er alltid tilgengelig<\/p>\n<p>Du skal aldri tro p\u00e5 fine ord det er bedre \u00e5 tro p\u00e5 fine bevis<\/p>\n<p>GSEEFM LYTTER alltid til kundene v\u00e5re gjennom \u00e5penhet selskapet v\u00e5rt forener fotballspiller.<\/p>\n<p>MVH<\/p>\n\t\t<\/div>\n\t\t[\/vc_column][\/vc_row][vc_row responsive_tabs_advanced=&raquo;mobile&raquo; css=&raquo;.vc_custom_1697211886360{margin-top: 50px !important;}&raquo; woodmart_css_id=&raquo;652965e44c47b&raquo; responsive_spacing=&raquo;eyJwYXJhbV90eXBlIjoid29vZG1hcnRfcmVzcG9uc2l2ZV9zcGFjaW5nIiwic2VsZWN0b3JfaWQiOiI2NTI5NjVlNDRjNDdiIiwic2hvcnRjb2RlIjoidmNfcm93IiwiZGF0YSI6eyJ0YWJsZXQiOnt9LCJtb2JpbGUiOnt9fX0=&raquo; mobile_bg_img_hidden=&raquo;no&raquo; tablet_bg_img_hidden=&raquo;no&raquo; woodmart_parallax=&raquo;0&#8243; woodmart_gradient_switch=&raquo;no&raquo; woodmart_box_shadow=&raquo;no&raquo; wd_z_index=&raquo;no&raquo; woodmart_disable_overflow=&raquo;0&#8243; row_reverse_mobile=&raquo;1&#8243; row_reverse_tablet=&raquo;0&#8243;][vc_column width=&raquo;1\/2&#8243;]\n\t\t<div id=\"wd-675202af87b9f\" class=\"title-wrapper wd-wpb set-mb-s reset-last-child  wd-rs-675202af87b9f wd-title-color-primary wd-title-style-simple text-left  wd-underline-colored\">\n\t\t\t\n\t\t\t<div class=\"liner-continer\">\n\t\t\t\t<h2 class=\"woodmart-title-container title  wd-font-weight- wd-fontsize-l\" >Fem (05) essensielle egenskapene til spilleragent<\/h2>\n\t\t\t\t\t\t\t<\/div>\n\t\t\t\n\t\t\t\n\t\t\t\n\t\t<\/div>\n\t\t\n\t\t\t\t<div id=\"wd-6752036422a68\" class=\"wd-text-block wd-wpb reset-last-child wd-rs-6752036422a68 text-left \">\n\t\t\t<ol>\n<li>kunnskap om verdensfotball<\/li>\n<li>utmerked forhandlingsevner<\/li>\n<li>karriere ledelse ferdigheter<\/li>\n<li>utmerket kommunikasjon og viktig nettverk<\/li>\n<li>integritert og yrkesetikk<\/li>\n<\/ol>\n\t\t<\/div>\n\t\t[\/vc_column][vc_column width=&raquo;1\/2&#8243;][vc_single_image image=&raquo;1211&#8243; img_size=&raquo;full&raquo; parallax_scroll=&raquo;no&raquo; woodmart_inline=&raquo;no&raquo;][\/vc_column][\/vc_row][vc_row][vc_column]\n\t\t<div id=\"wd-6752039d31a6e\" class=\"title-wrapper wd-wpb set-mb-s reset-last-child  wd-rs-6752039d31a6e wd-title-color-primary wd-title-style-simple text-left  wd-underline-colored\">\n\t\t\t\n\t\t\t<div class=\"liner-continer\">\n\t\t\t\t<h2 class=\"woodmart-title-container title  wd-font-weight- wd-fontsize-l\" >Arbeidsforholdene til en spilleragent<\/h2>\n\t\t\t\t\t\t\t<\/div>\n\t\t\t\n\t\t\t\n\t\t\t\n\t\t<\/div>\n\t\t\n\t\t\t\t<div id=\"wd-675203ab7885c\" class=\"wd-text-block wd-wpb reset-last-child wd-rs-675203ab7885c text-left \">\n\t\t\t<ol>\n<li>fleksibilitet agenten m\u00e5 tilpasse seg vanlige tidsplaner og v\u00e6re tilgjengelig for sine kunder n\u00e5r som helst<\/li>\n<li>mobilitet spilleragentyrke inneb\u00e6r nye reiser for \u00e5 m\u00f8te klubber \u2013delta p\u00e5 konkurranser eller f\u00f8lg trening<\/li>\n<li>presse \u00f8konomiske og mediesp\u00f8rsm\u00e5l knyttet til profesjonel i drett.<\/li>\n<\/ol>\n\t\t<\/div>\n\t\t[\/vc_column][\/vc_row][vc_row responsive_tabs_advanced=&raquo;mobile&raquo; css=&raquo;.vc_custom_1697211886360{margin-top: 50px !important;}&raquo; woodmart_css_id=&raquo;652965e44c47b&raquo; responsive_spacing=&raquo;eyJwYXJhbV90eXBlIjoid29vZG1hcnRfcmVzcG9uc2l2ZV9zcGFjaW5nIiwic2VsZWN0b3JfaWQiOiI2NTI5NjVlNDRjNDdiIiwic2hvcnRjb2RlIjoidmNfcm93IiwiZGF0YSI6eyJ0YWJsZXQiOnt9LCJtb2JpbGUiOnt9fX0=&raquo; mobile_bg_img_hidden=&raquo;no&raquo; tablet_bg_img_hidden=&raquo;no&raquo; woodmart_parallax=&raquo;0&#8243; woodmart_gradient_switch=&raquo;no&raquo; woodmart_box_shadow=&raquo;no&raquo; wd_z_index=&raquo;no&raquo; woodmart_disable_overflow=&raquo;0&#8243; row_reverse_mobile=&raquo;1&#8243; row_reverse_tablet=&raquo;0&#8243;][vc_column width=&raquo;1\/2&#8243;]\n\t\t<div id=\"wd-675203d06a46b\" class=\"title-wrapper wd-wpb set-mb-s reset-last-child  wd-rs-675203d06a46b wd-title-color-primary wd-title-style-simple text-left  wd-underline-colored\">\n\t\t\t\n\t\t\t<div class=\"liner-continer\">\n\t\t\t\t<h2 class=\"woodmart-title-container title  wd-font-weight- wd-fontsize-l\" >Spilleragentprofil<\/h2>\n\t\t\t\t\t\t\t<\/div>\n\t\t\t\n\t\t\t\n\t\t\t\n\t\t<\/div>\n\t\t\n\t\t\t\t<div id=\"wd-6752053159370\" class=\"wd-text-block wd-wpb reset-last-child wd-rs-6752053159370 text-left \">\n\t\t\t<ol>\n<li>gode kommunikasjons og forhandlingsevner<\/li>\n<li>f\u00f8delse av relasjonel<\/li>\n<li>organisering og strenghet<\/li>\n<li>inng\u00e5ende kjennskap til idrettsmilj\u00f8et<\/li>\n<\/ol>\n\t\t<\/div>\n\t\t[\/vc_column][vc_column width=&raquo;1\/2&#8243;][vc_single_image image=&raquo;1217&#8243; img_size=&raquo;full&raquo; parallax_scroll=&raquo;no&raquo; woodmart_inline=&raquo;no&raquo;][\/vc_column][\/vc_row][vc_row css=&raquo;.vc_custom_1707914874514{margin-top: 30px !important;}&raquo; woodmart_css_id=&raquo;65ccb66e3b7dd&raquo; responsive_spacing=&raquo;eyJwYXJhbV90eXBlIjoid29vZG1hcnRfcmVzcG9uc2l2ZV9zcGFjaW5nIiwic2VsZWN0b3JfaWQiOiI2NWNjYjY2ZTNiN2RkIiwic2hvcnRjb2RlIjoidmNfcm93IiwiZGF0YSI6eyJ0YWJsZXQiOnt9LCJtb2JpbGUiOnt9fX0=&raquo; mobile_bg_img_hidden=&raquo;no&raquo; tablet_bg_img_hidden=&raquo;no&raquo; woodmart_parallax=&raquo;0&#8243; woodmart_gradient_switch=&raquo;no&raquo; woodmart_box_shadow=&raquo;no&raquo; wd_z_index=&raquo;no&raquo; woodmart_disable_overflow=&raquo;0&#8243; row_reverse_mobile=&raquo;1&#8243; row_reverse_tablet=&raquo;0&#8243;][vc_column]\n\t\t<div id=\"wd-675205586a150\" class=\"title-wrapper wd-wpb set-mb-s reset-last-child  wd-rs-675205586a150 wd-title-color-primary wd-title-style-simple text-left  wd-underline-colored\">\n\t\t\t\n\t\t\t<div class=\"liner-continer\">\n\t\t\t\t<h2 class=\"woodmart-title-container title  wd-font-weight- wd-fontsize-l\" >Karriereutvikling for en spilleragent<\/h2>\n\t\t\t\t\t\t\t<\/div>\n\t\t\t\n\t\t\t\n\t\t\t\n\t\t<\/div>\n\t\t\n\t\t\t\t<div id=\"wd-6752056bb5465\" class=\"wd-text-block wd-wpb reset-last-child wd-rs-6752056bb5465 text-left \">\n\t\t\t<p>Utviklikingen av en spilleragent avhenger hovedsakelig av hans evne til \u00e5 utvikle kontaktlisten og tilrekke prestisjetunge kunder.<\/p>\n\t\t<\/div>\n\t\t[\/vc_column][\/vc_row]<\/p>\n<\/div>","protected":false},"excerpt":{"rendered":"<p>[vc_row][vc_column][vc_single_image image=&raquo;525&#8243; img_size=&raquo;full&raquo; alignment=&raquo;center&raquo; parallax_scroll=&raquo;no&raquo; woodmart_inline=&raquo;no&raquo;][\/vc_column][\/vc_row][vc_row responsive_tabs_advanced=&raquo;mobile&raquo; css=&raquo;.vc_custom_1697211886360{margin-top: 50px !important;}&raquo; woodmart_css_id=&raquo;652965e44c47b&raquo; responsive_spacing=&raquo;eyJwYXJhbV90eXBlIjoid29vZG1hcnRfcmVzcG9uc2l2ZV9zcGFjaW5nIiwic2VsZWN0b3JfaWQiOiI2NTI5NjVlNDRjNDdiIiwic2hvcnRjb2RlIjoidmNfcm93IiwiZGF0YSI6eyJ0YWJsZXQiOnt9LCJtb2JpbGUiOnt9fX0=&raquo; mobile_bg_img_hidden=&raquo;no&raquo; tablet_bg_img_hidden=&raquo;no&raquo; woodmart_parallax=&raquo;0&#8243; woodmart_gradient_switch=&raquo;no&raquo; woodmart_box_shadow=&raquo;no&raquo; wd_z_index=&raquo;no&raquo; woodmart_disable_overflow=&raquo;0&#8243; row_reverse_mobile=&raquo;1&#8243;<\/p>\n","protected":false},"author":1,"featured_media":0,"parent":0,"menu_order":0,"comment_status":"closed","ping_status":"closed","template":"","meta":{"footnotes":""},"class_list":["post-2242","page","type-page","status-publish","hentry"],"_links":{"self":[{"href":"https:\/\/www.gseentreprise.com\/no\/wp-json\/wp\/v2\/pages\/2242","targetHints":{"allow":["GET"]}}],"collection":[{"href":"https:\/\/www.gseentreprise.com\/no\/wp-json\/wp\/v2\/pages"}],"about":[{"href":"https:\/\/www.gseentreprise.com\/no\/wp-json\/wp\/v2\/types\/page"}],"author":[{"embeddable":true,"href":"https:\/\/www.gseentreprise.com\/no\/wp-json\/wp\/v2\/users\/1"}],"replies":[{"embeddable":true,"href":"https:\/\/www.gseentreprise.com\/no\/wp-json\/wp\/v2\/comments?post=2242"}],"version-history":[{"count":3,"href":"https:\/\/www.gseentreprise.com\/no\/wp-json\/wp\/v2\/pages\/2242\/revisions"}],"predecessor-version":[{"id":2251,"href":"https:\/\/www.gseentreprise.com\/no\/wp-json\/wp\/v2\/pages\/2242\/revisions\/2251"}],"wp:attachment":[{"href":"https:\/\/www.gseentreprise.com\/no\/wp-json\/wp\/v2\/media?parent=2242"}],"curies":[{"name":"wp","href":"https:\/\/api.w.org\/{rel}","templated":true}]}}