{"id":2244,"date":"2023-11-26T12:25:30","date_gmt":"2023-11-26T12:25:30","guid":{"rendered":"https:\/\/www.gseentreprise.com\/?page_id=2244"},"modified":"2024-12-05T20:04:53","modified_gmt":"2024-12-05T20:04:53","slug":"grunnleggeren","status":"publish","type":"page","link":"https:\/\/www.gseentreprise.com\/no\/grunnleggeren\/","title":{"rendered":"Grunnleggeren"},"content":{"rendered":"<div class=\"wpb-content-wrapper\"><p>[vc_row][vc_column][vc_column_text woodmart_inline=&raquo;no&raquo; text_larger=&raquo;no&raquo;]Grunnleggeren av selskapet GSEEFM<\/p>\n<p>Mr Lakhdar Boussakra er grunnleggeren av GSEEFM med dobbel lisens:<\/p>\n<ul>\n<li>Fifa Spiller agent<\/li>\n<li>Fifa Kampagent<\/li>\n<\/ul>\n<p>[\/vc_column_text]\t\t\t<link rel=\"stylesheet\" id=\"wd-section-title-css\" href=\"https:\/\/www.gseentreprise.com\/wp-content\/themes\/woodmart\/css\/parts\/el-section-title.min.css?ver=7.3.0\" type=\"text\/css\" media=\"all\" \/> \t\t\t\t\t\t<link rel=\"stylesheet\" id=\"wd-section-title-style-simple-and-brd-css\" href=\"https:\/\/www.gseentreprise.com\/wp-content\/themes\/woodmart\/css\/parts\/el-section-title-style-simple-and-brd.min.css?ver=7.3.0\" type=\"text\/css\" media=\"all\" \/> \t\t\t\t\t\t<link rel=\"stylesheet\" id=\"wd-mod-highlighted-text-css\" href=\"https:\/\/www.gseentreprise.com\/wp-content\/themes\/woodmart\/css\/parts\/mod-highlighted-text.min.css?ver=7.3.0\" type=\"text\/css\" media=\"all\" \/> \t\t\t\n\t\t<div id=\"wd-6752062d05f88\" class=\"title-wrapper wd-wpb set-mb-s reset-last-child  wd-rs-6752062d05f88 wd-title-color-primary wd-title-style-simple text-left  wd-underline-colored\">\n\t\t\t\n\t\t\t<div class=\"liner-continer\">\n\t\t\t\t<h2 class=\"woodmart-title-container title  wd-font-weight- wd-fontsize-l\" >Biografi<\/h2>\n\t\t\t\t\t\t\t<\/div>\n\t\t\t\n\t\t\t\n\t\t\t\n\t\t<\/div>\n\t\t\n\t\t\t\t\t<link rel=\"stylesheet\" id=\"wd-photoswipe-css\" href=\"https:\/\/www.gseentreprise.com\/wp-content\/themes\/woodmart\/css\/parts\/lib-photoswipe.min.css?ver=7.3.0\" type=\"text\/css\" media=\"all\" \/> \t\t\t\t\t\t<link rel=\"stylesheet\" id=\"wd-image-gallery-css\" href=\"https:\/\/www.gseentreprise.com\/wp-content\/themes\/woodmart\/css\/parts\/el-gallery.min.css?ver=7.3.0\" type=\"text\/css\" media=\"all\" \/> \t\t\t\t\t<div id=\"gallery_365\" class=\"wd-images-gallery wd-rs-65ce318c7c228 wd-justify-left wd-items-middle view-masonry photoswipe-images\" >\n\t\t\t<div class=\"gallery-images row wd-spacing-20\">\n\t\t\t\t\t\t\t\t\t\t\t\t\t\t\t<div class=\"wd-gallery-item col-lg-6 col-md-6 col-sm-6 col-6\">\n\t\t\t\t\t\t\t\t\t\t\t\t\t\t<a href=\"https:\/\/www.gseentreprise.com\/wp-content\/uploads\/2024\/02\/FONDATEUR-1.jpg\" data-elementor-open-lightbox=\"no\" data-index=\"1\" data-width=\"1200\" data-height=\"630\"  >\n\t\t\t\t\t\t\t\t\n\t\t\t\t\t\t\t\t<img loading=\"lazy\" decoding=\"async\" width=\"512\" height=\"271\" src=\"https:\/\/www.gseentreprise.com\/wp-content\/uploads\/2024\/02\/FONDATEUR-1-512x271.jpg\" class=\"wd-gallery-image image-1\" alt=\"\" \/>\n\t\t\t\t\t\t\t\t\t\t\t\t\t\t\t<\/a>\n\t\t\t\t\t\t\t\t\t\t\t\t<\/div>\n\t\t\t\t\t\t\t\t\t\t\t<div class=\"wd-gallery-item col-lg-6 col-md-6 col-sm-6 col-6\">\n\t\t\t\t\t\t\t\t\t\t\t\t\t\t<a href=\"https:\/\/www.gseentreprise.com\/wp-content\/uploads\/2024\/02\/FONDATEUR-2.jpg\" data-elementor-open-lightbox=\"no\" data-index=\"2\" data-width=\"512\" data-height=\"271\"  >\n\t\t\t\t\t\t\t\t\n\t\t\t\t\t\t\t\t<img loading=\"lazy\" decoding=\"async\" width=\"512\" height=\"271\" src=\"https:\/\/www.gseentreprise.com\/wp-content\/uploads\/2024\/02\/FONDATEUR-2-512x271.jpg\" class=\"wd-gallery-image image-2\" alt=\"\" srcset=\"https:\/\/www.gseentreprise.com\/wp-content\/uploads\/2024\/02\/FONDATEUR-2.jpg 512w, https:\/\/www.gseentreprise.com\/wp-content\/uploads\/2024\/02\/FONDATEUR-2-300x159.jpg 300w\" sizes=\"auto, (max-width: 512px) 100vw, 512px\" \/>\n\t\t\t\t\t\t\t\t\t\t\t\t\t\t\t<\/a>\n\t\t\t\t\t\t\t\t\t\t\t\t<\/div>\n\t\t\t\t\t\t\t\t\t\t\t\t<\/div>\n\t\t<\/div>\n\t\t\t\t[vc_column_text woodmart_inline=&raquo;no&raquo; text_larger=&raquo;no&raquo;]Mr Lakhdar Boussakra av Algerisk opprinnelse<br \/>\nDobbelt Agerisk-Norsk statsborgereskap<\/p>\n<p>Jeg har en lidenskap for fotball ,som enhver ung person i amat\u00f8rfotball.Som var et springbret mot yrket som spilleragent .Jeg fungerte for daglig konsultasjon ved \u00e5 lede klubben som visegeneralsekret\u00e6r.Beste beslutningen jeg har tatt livet mitt om \u00e5 gj\u00f8re en jobb relatert til fotball.Etter\u00e5 ha tilegnet meg stor erfaring innen ledelse of fotballbegivenheter.I september 1994 flyttet jeg til Norge for \u00e5 utf\u00f8re denne aktiviteten som offisiel samarbeidspartner for en FIFA agent me FFF(Fransk).jeg var be\u00f8ret over \u00e5 ha deltatt i dette eventyret.<\/p>\n<p>Jeg vil f\u00f8rst takke Mr Michel Thiry tidligere FIFA spilleragent i det Belgiske Fotballforbundet for \u00e5 tilby meg denne utrolige mulighten .Han stolte p\u00e5 meg og ga meg enorm st\u00f8tte samtige som han viste stor forst\u00e5else FIFA spilleragentsksamen .Beslutningen ble tatt 27 september 2007 om \u00e5 ta spilleragenteksameren under FIFA regi.Jeg fikk FIFA agentlisensen autoriser meg til \u00e5 tilby agenttjenester i hele verden.<\/p>\n<ul>\n<li>September 2007 Fifa Spilleragent<\/li>\n<li>1 April 2015 susoenderte FIFA lisensen erstattet av FIFA regleverk om samarbeid med formidler<\/li>\n<li>1 April 2015 til 30 september 2023 formidler NFF lisens<\/li>\n<li>1 Oktober 2023 Fifa Footballspiller agent aktiv under lisens ID 202310-5036<\/li>\n<li>Siden juni 2009 Fifa L\\Kampagent aktiv under ID lisens 290377<\/li>\n<\/ul>\n<p>Denne spilleragentaktiviteten krever derfor kunnskap innen mangfoldige og varierte felt innen sport \u2013komminukasjon-skattestyring og ogs\u00e5 for \u00e5 mestre fremmedspr\u00e5k som Fransk-Engelsk-Norsk og Arabisk.Som er obligatoriske for \u00e5 kunne utf\u00f8re spilleragentoppdrag m\u00e5 vite hvordan du viser en ekte f\u00f8lrlse av etikk for \u00e5 sette kundens interesser foran dine egne.<\/p>\n<p>For \u00f8yeblikker er jeg en aktiv Fifa spilleragent og en aktiv Fifa Kampagent<br \/>\nJeg er kjent for \u00e5 v\u00e6re representant fr nasjonale og internasjonale amat\u00f8rer og profwsjonelle fotballspillere.<br \/>\nMin hukommelse fokuserer p\u00e5 utviklingen av algerisk skandinavisk og afrikansk fotball.<br \/>\nHvordanog v\u00e5re r\u00e5d n\u00e6res av v\u00e5r erfaring .jeg er forpliktet til \u00e5 bringe det beste fra<br \/>\nv\u00e5r eksprtise for \u00e5 komme degvidere sammen<br \/>\nVilever Fotball<br \/>\nVi st\u00f8tter deg gjennom hele karrieren<br \/>\nVi puster Fotball Vi er forent av Fotball<br \/>\nVi ser etter kvaliteten p\u00e5 spillerne ikke kvantiteten<\/p>\n<p>Grunnlegger GSEEFM<br \/>\nFifa Spiller Agent og Kamp <span style=\"color: #000000;\"><strong>Mr Lakhdar Boussakra<\/strong><\/span>[\/vc_column_text][\/vc_column][\/vc_row]<\/p>\n<\/div>","protected":false},"excerpt":{"rendered":"<p>[vc_row][vc_column][vc_column_text woodmart_inline=&raquo;no&raquo; text_larger=&raquo;no&raquo;]Grunnleggeren av selskapet GSEEFM Mr Lakhdar Boussakra er grunnleggeren av GSEEFM med dobbel lisens: Fifa Spiller agent Fifa<\/p>\n","protected":false},"author":1,"featured_media":0,"parent":0,"menu_order":0,"comment_status":"closed","ping_status":"closed","template":"","meta":{"footnotes":""},"class_list":["post-2244","page","type-page","status-publish","hentry"],"_links":{"self":[{"href":"https:\/\/www.gseentreprise.com\/no\/wp-json\/wp\/v2\/pages\/2244","targetHints":{"allow":["GET"]}}],"collection":[{"href":"https:\/\/www.gseentreprise.com\/no\/wp-json\/wp\/v2\/pages"}],"about":[{"href":"https:\/\/www.gseentreprise.com\/no\/wp-json\/wp\/v2\/types\/page"}],"author":[{"embeddable":true,"href":"https:\/\/www.gseentreprise.com\/no\/wp-json\/wp\/v2\/users\/1"}],"replies":[{"embeddable":true,"href":"https:\/\/www.gseentreprise.com\/no\/wp-json\/wp\/v2\/comments?post=2244"}],"version-history":[{"count":3,"href":"https:\/\/www.gseentreprise.com\/no\/wp-json\/wp\/v2\/pages\/2244\/revisions"}],"predecessor-version":[{"id":2253,"href":"https:\/\/www.gseentreprise.com\/no\/wp-json\/wp\/v2\/pages\/2244\/revisions\/2253"}],"wp:attachment":[{"href":"https:\/\/www.gseentreprise.com\/no\/wp-json\/wp\/v2\/media?parent=2244"}],"curies":[{"name":"wp","href":"https:\/\/api.w.org\/{rel}","templated":true}]}}