{"id":2246,"date":"2024-04-03T15:10:33","date_gmt":"2024-04-03T15:10:33","guid":{"rendered":"https:\/\/www.gseentreprise.com\/?page_id=2246"},"modified":"2025-12-14T14:03:50","modified_gmt":"2025-12-14T14:03:50","slug":"et-ord-fra-grunnleggeren","status":"publish","type":"page","link":"https:\/\/www.gseentreprise.com\/no\/et-ord-fra-grunnleggeren\/","title":{"rendered":"Et ord fra grunnleggeren"},"content":{"rendered":"<div class=\"wpb-content-wrapper\"><p>[vc_row gap=&raquo;15&#8243; content_placement=&raquo;middle&raquo; disable_element=&raquo;yes&raquo; woodmart_css_id=&raquo;693ec3bb44c1d&raquo; responsive_spacing=&raquo;eyJwYXJhbV90eXBlIjoid29vZG1hcnRfcmVzcG9uc2l2ZV9zcGFjaW5nIiwic2VsZWN0b3JfaWQiOiI2OTNlYzNiYjQ0YzFkIiwic2hvcnRjb2RlIjoidmNfcm93IiwiZGF0YSI6eyJ0YWJsZXQiOnt9LCJtb2JpbGUiOnt9fX0=&raquo; mobile_bg_img_hidden=&raquo;no&raquo; tablet_bg_img_hidden=&raquo;no&raquo; woodmart_parallax=&raquo;0&#8243; woodmart_gradient_switch=&raquo;no&raquo; woodmart_box_shadow=&raquo;no&raquo; wd_z_index=&raquo;no&raquo; woodmart_disable_overflow=&raquo;0&#8243; row_reverse_mobile=&raquo;1&#8243; row_reverse_tablet=&raquo;0&#8243;][vc_column woodmart_css_id=&raquo;660d80ac800aa&raquo; parallax_scroll=&raquo;no&raquo; woodmart_sticky_column=&raquo;false&raquo; wd_collapsible_content_switcher=&raquo;no&raquo; wd_column_role_offcanvas_desktop=&raquo;no&raquo; wd_column_role_offcanvas_tablet=&raquo;no&raquo; wd_column_role_offcanvas_mobile=&raquo;no&raquo; wd_column_role_content_desktop=&raquo;no&raquo; wd_column_role_content_tablet=&raquo;no&raquo; wd_column_role_content_mobile=&raquo;no&raquo; mobile_bg_img_hidden=&raquo;no&raquo; tablet_bg_img_hidden=&raquo;no&raquo; woodmart_parallax=&raquo;0&#8243; woodmart_box_shadow=&raquo;no&raquo; responsive_spacing=&raquo;eyJwYXJhbV90eXBlIjoid29vZG1hcnRfcmVzcG9uc2l2ZV9zcGFjaW5nIiwic2VsZWN0b3JfaWQiOiI2NjBkODBhYzgwMGFhIiwic2hvcnRjb2RlIjoidmNfY29sdW1uIiwiZGF0YSI6eyJ0YWJsZXQiOnt9LCJtb2JpbGUiOnt9fX0=&raquo; mobile_reset_margin=&raquo;no&raquo; tablet_reset_margin=&raquo;no&raquo; wd_z_index=&raquo;no&raquo;][vc_row_inner content_placement=&raquo;bottom&raquo; woodmart_css_id=&raquo;660e73d620eae&raquo; responsive_spacing=&raquo;eyJwYXJhbV90eXBlIjoid29vZG1hcnRfcmVzcG9uc2l2ZV9zcGFjaW5nIiwic2VsZWN0b3JfaWQiOiI2NjBlNzNkNjIwZWFlIiwic2hvcnRjb2RlIjoidmNfcm93X2lubmVyIiwiZGF0YSI6eyJ0YWJsZXQiOnt9LCJtb2JpbGUiOnt9fX0=&raquo; mobile_bg_img_hidden=&raquo;no&raquo; tablet_bg_img_hidden=&raquo;no&raquo; woodmart_parallax=&raquo;0&#8243; woodmart_gradient_switch=&raquo;no&raquo; woodmart_box_shadow=&raquo;no&raquo; wd_z_index=&raquo;no&raquo; woodmart_disable_overflow=&raquo;0&#8243; row_reverse_mobile=&raquo;0&#8243; row_reverse_tablet=&raquo;0&#8243;][vc_column_inner width=&raquo;1\/6&#8243; woodmart_css_id=&raquo;660e733d4f86c&raquo; parallax_scroll=&raquo;no&raquo; woodmart_sticky_column=&raquo;false&raquo; wd_collapsible_content_switcher=&raquo;no&raquo; wd_column_role_offcanvas_desktop=&raquo;no&raquo; wd_column_role_offcanvas_tablet=&raquo;no&raquo; wd_column_role_offcanvas_mobile=&raquo;no&raquo; wd_column_role_content_desktop=&raquo;no&raquo; wd_column_role_content_tablet=&raquo;no&raquo; wd_column_role_content_mobile=&raquo;no&raquo; mobile_bg_img_hidden=&raquo;no&raquo; tablet_bg_img_hidden=&raquo;no&raquo; woodmart_parallax=&raquo;0&#8243; woodmart_box_shadow=&raquo;no&raquo; responsive_spacing=&raquo;eyJwYXJhbV90eXBlIjoid29vZG1hcnRfcmVzcG9uc2l2ZV9zcGFjaW5nIiwic2VsZWN0b3JfaWQiOiI2NjBlNzMzZDRmODZjIiwic2hvcnRjb2RlIjoidmNfY29sdW1uX2lubmVyIiwiZGF0YSI6eyJ0YWJsZXQiOnt9LCJtb2JpbGUiOnt9fX0=&raquo; wd_z_index=&raquo;no&raquo;][vc_single_image image=&raquo;1639&#8243; img_size=&raquo;full&raquo; alignment=&raquo;center&raquo; parallax_scroll=&raquo;no&raquo; woodmart_inline=&raquo;no&raquo;][\/vc_column_inner][vc_column_inner width=&raquo;1\/4&#8243; woodmart_css_id=&raquo;660e7356a5b81&#8243; parallax_scroll=&raquo;no&raquo; woodmart_sticky_column=&raquo;false&raquo; wd_collapsible_content_switcher=&raquo;no&raquo; wd_column_role_offcanvas_desktop=&raquo;no&raquo; wd_column_role_offcanvas_tablet=&raquo;no&raquo; wd_column_role_offcanvas_mobile=&raquo;no&raquo; wd_column_role_content_desktop=&raquo;no&raquo; wd_column_role_content_tablet=&raquo;no&raquo; wd_column_role_content_mobile=&raquo;no&raquo; mobile_bg_img_hidden=&raquo;no&raquo; tablet_bg_img_hidden=&raquo;no&raquo; woodmart_parallax=&raquo;0&#8243; woodmart_box_shadow=&raquo;no&raquo; responsive_spacing=&raquo;eyJwYXJhbV90eXBlIjoid29vZG1hcnRfcmVzcG9uc2l2ZV9zcGFjaW5nIiwic2VsZWN0b3JfaWQiOiI2NjBlNzM1NmE1YjgxIiwic2hvcnRjb2RlIjoidmNfY29sdW1uX2lubmVyIiwiZGF0YSI6eyJ0YWJsZXQiOnt9LCJtb2JpbGUiOnt9fX0=&raquo; wd_z_index=&raquo;no&raquo;][vc_single_image image=&raquo;1627&#8243; img_size=&raquo;340&#215;443&#8243; alignment=&raquo;center&raquo; parallax_scroll=&raquo;no&raquo; woodmart_inline=&raquo;no&raquo;][\/vc_column_inner][vc_column_inner width=&raquo;1\/6&#8243; woodmart_css_id=&raquo;660e734c741b0&#8243; parallax_scroll=&raquo;no&raquo; woodmart_sticky_column=&raquo;false&raquo; wd_collapsible_content_switcher=&raquo;no&raquo; wd_column_role_offcanvas_desktop=&raquo;no&raquo; wd_column_role_offcanvas_tablet=&raquo;no&raquo; wd_column_role_offcanvas_mobile=&raquo;no&raquo; wd_column_role_content_desktop=&raquo;no&raquo; wd_column_role_content_tablet=&raquo;no&raquo; wd_column_role_content_mobile=&raquo;no&raquo; mobile_bg_img_hidden=&raquo;no&raquo; tablet_bg_img_hidden=&raquo;no&raquo; woodmart_parallax=&raquo;0&#8243; woodmart_box_shadow=&raquo;no&raquo; responsive_spacing=&raquo;eyJwYXJhbV90eXBlIjoid29vZG1hcnRfcmVzcG9uc2l2ZV9zcGFjaW5nIiwic2VsZWN0b3JfaWQiOiI2NjBlNzM0Yzc0MWIwIiwic2hvcnRjb2RlIjoidmNfY29sdW1uX2lubmVyIiwiZGF0YSI6eyJ0YWJsZXQiOnt9LCJtb2JpbGUiOnt9fX0=&raquo; wd_z_index=&raquo;no&raquo;][vc_single_image image=&raquo;1641&#8243; img_size=&raquo;full&raquo; alignment=&raquo;center&raquo; parallax_scroll=&raquo;no&raquo; woodmart_inline=&raquo;no&raquo;][\/vc_column_inner][vc_column_inner width=&raquo;1\/5&#8243;][\/vc_column_inner][vc_column_inner width=&raquo;1\/5&#8243;][\/vc_column_inner][\/vc_row_inner][\/vc_column][\/vc_row][vc_row gap=&raquo;15&#8243; content_placement=&raquo;middle&raquo; responsive_tabs_advanced=&raquo;mobile&raquo; woodmart_css_id=&raquo;660de894a6c03&#8243; responsive_spacing=&raquo;eyJwYXJhbV90eXBlIjoid29vZG1hcnRfcmVzcG9uc2l2ZV9zcGFjaW5nIiwic2VsZWN0b3JfaWQiOiI2NjBkZTg5NGE2YzAzIiwic2hvcnRjb2RlIjoidmNfcm93IiwiZGF0YSI6eyJ0YWJsZXQiOnt9LCJtb2JpbGUiOnt9fX0=&raquo; mobile_bg_img_hidden=&raquo;no&raquo; tablet_bg_img_hidden=&raquo;no&raquo; woodmart_parallax=&raquo;0&#8243; woodmart_gradient_switch=&raquo;no&raquo; woodmart_box_shadow=&raquo;no&raquo; wd_z_index=&raquo;no&raquo; woodmart_disable_overflow=&raquo;0&#8243; row_reverse_mobile=&raquo;1&#8243; row_reverse_tablet=&raquo;0&#8243;][vc_column width=&raquo;1\/2&#8243; woodmart_css_id=&raquo;660d80ac800aa&raquo; parallax_scroll=&raquo;no&raquo; woodmart_sticky_column=&raquo;false&raquo; wd_collapsible_content_switcher=&raquo;no&raquo; wd_column_role_offcanvas_desktop=&raquo;no&raquo; wd_column_role_offcanvas_tablet=&raquo;no&raquo; wd_column_role_offcanvas_mobile=&raquo;no&raquo; wd_column_role_content_desktop=&raquo;no&raquo; wd_column_role_content_tablet=&raquo;no&raquo; wd_column_role_content_mobile=&raquo;no&raquo; mobile_bg_img_hidden=&raquo;no&raquo; tablet_bg_img_hidden=&raquo;no&raquo; woodmart_parallax=&raquo;0&#8243; woodmart_box_shadow=&raquo;no&raquo; responsive_spacing=&raquo;eyJwYXJhbV90eXBlIjoid29vZG1hcnRfcmVzcG9uc2l2ZV9zcGFjaW5nIiwic2VsZWN0b3JfaWQiOiI2NjBkODBhYzgwMGFhIiwic2hvcnRjb2RlIjoidmNfY29sdW1uIiwiZGF0YSI6eyJ0YWJsZXQiOnt9LCJtb2JpbGUiOnt9fX0=&raquo; mobile_reset_margin=&raquo;no&raquo; tablet_reset_margin=&raquo;no&raquo; wd_z_index=&raquo;no&raquo;]\t\t\t<link rel=\"stylesheet\" id=\"wd-image-gallery-css\" href=\"https:\/\/www.gseentreprise.com\/wp-content\/themes\/woodmart\/css\/parts\/el-gallery.min.css?ver=7.3.0\" type=\"text\/css\" media=\"all\" \/> \t\t\t\t\t<div id=\"gallery_688\" class=\"wd-images-gallery wd-rs-693ec2d2d4d7e wd-justify-left wd-items-middle view-grid\" >\n\t\t\t<div class=\"gallery-images row wd-spacing-6\">\n\t\t\t\t\t\t\t\t\t\t\t\t\t\t\t<div class=\"wd-gallery-item col-lg-6 col-md-6 col-6\">\n\t\t\t\t\t\t\t\n\t\t\t\t\t\t\t\t<img loading=\"lazy\" decoding=\"async\" width=\"200\" height=\"107\" src=\"https:\/\/www.gseentreprise.com\/wp-content\/uploads\/2024\/04\/LE-MOT-DU-FONDATEUR-3-1.jpg\" class=\"wd-gallery-image image-1\" alt=\"\" \/>\n\t\t\t\t\t\t\t\t\t\t\t\t\t\t<\/div>\n\t\t\t\t\t\t\t\t\t\t\t<div class=\"wd-gallery-item col-lg-6 col-md-6 col-6\">\n\t\t\t\t\t\t\t\n\t\t\t\t\t\t\t\t<img loading=\"lazy\" decoding=\"async\" width=\"200\" height=\"105\" src=\"https:\/\/www.gseentreprise.com\/wp-content\/uploads\/2024\/04\/LE-MOT-DU-FONDATEUR-1-2.jpg\" class=\"wd-gallery-image image-2\" alt=\"\" \/>\n\t\t\t\t\t\t\t\t\t\t\t\t\t\t<\/div>\n\t\t\t\t\t\t\t\t\t\t\t\t<\/div>\n\t\t<\/div>\n\t\t\t\t\t\t\t<link rel=\"stylesheet\" id=\"wd-text-block-css\" href=\"https:\/\/www.gseentreprise.com\/wp-content\/themes\/woodmart\/css\/parts\/el-text-block.min.css?ver=7.3.0\" type=\"text\/css\" media=\"all\" \/> \t\t\t\t\t<div id=\"wd-6752e13e80bd0\" class=\"wd-text-block wd-wpb reset-last-child wd-rs-6752e13e80bd0 text-left vc_custom_1733484925681\">\n\t\t\t<p style=\"text-align: justify;\">Mr Lakhdar Boussakra Fifa Spilleragent under lisens ID 202310-5036 Fifa ID 1N25YR1<\/p>\n<p style=\"text-align: justify;\">Fifa Kampagent under lisens ID 29077.Disse to (02) lisensene er aktive over hele verden:<\/p>\n<p style=\"text-align: justify;\">Med v\u00e5rt speidernettverk og v\u00e5r permanente s\u00f8ken etter den beste kvaliteten er garantistene for et fruktbar samarbeid p\u00e5 niveau med klubber og spillere.<\/p>\n\t\t<\/div>\n\t\t[\/vc_column][vc_column width=&raquo;1\/2&#8243;][vc_single_image image=&raquo;2405&#8243; img_size=&raquo;full&raquo; alignment=&raquo;center&raquo; parallax_scroll=&raquo;no&raquo; woodmart_inline=&raquo;no&raquo;][\/vc_column][\/vc_row][vc_row css=&raquo;.vc_custom_1712186914691{margin-top: 50px !important;}&raquo; woodmart_css_id=&raquo;660de61bd5241&#8243; responsive_spacing=&raquo;eyJwYXJhbV90eXBlIjoid29vZG1hcnRfcmVzcG9uc2l2ZV9zcGFjaW5nIiwic2VsZWN0b3JfaWQiOiI2NjBkZTYxYmQ1MjQxIiwic2hvcnRjb2RlIjoidmNfcm93IiwiZGF0YSI6eyJ0YWJsZXQiOnt9LCJtb2JpbGUiOnt9fX0=&raquo; mobile_bg_img_hidden=&raquo;no&raquo; tablet_bg_img_hidden=&raquo;no&raquo; woodmart_parallax=&raquo;0&#8243; woodmart_gradient_switch=&raquo;no&raquo; woodmart_box_shadow=&raquo;no&raquo; wd_z_index=&raquo;no&raquo; woodmart_disable_overflow=&raquo;0&#8243; row_reverse_mobile=&raquo;0&#8243; row_reverse_tablet=&raquo;0&#8243;][vc_column]\t\t\t<link rel=\"stylesheet\" id=\"wd-section-title-css\" href=\"https:\/\/www.gseentreprise.com\/wp-content\/themes\/woodmart\/css\/parts\/el-section-title.min.css?ver=7.3.0\" type=\"text\/css\" media=\"all\" \/> \t\t\t\t\t\t<link rel=\"stylesheet\" id=\"wd-section-title-style-simple-and-brd-css\" href=\"https:\/\/www.gseentreprise.com\/wp-content\/themes\/woodmart\/css\/parts\/el-section-title-style-simple-and-brd.min.css?ver=7.3.0\" type=\"text\/css\" media=\"all\" \/> \t\t\t\t\t\t<link rel=\"stylesheet\" id=\"wd-mod-highlighted-text-css\" href=\"https:\/\/www.gseentreprise.com\/wp-content\/themes\/woodmart\/css\/parts\/mod-highlighted-text.min.css?ver=7.3.0\" type=\"text\/css\" media=\"all\" \/> \t\t\t\n\t\t<div id=\"wd-6752e1830fad3\" class=\"title-wrapper wd-wpb set-mb-s reset-last-child  wd-rs-6752e1830fad3 wd-title-color-primary wd-title-style-simple text-left  wd-underline-colored\">\n\t\t\t\n\t\t\t<div class=\"liner-continer\">\n\t\t\t\t<h2 class=\"woodmart-title-container title  wd-font-weight- wd-fontsize-l\" >Hvor lenge har du v\u00e6rt spilleragent &amp;Kampagent ?<\/h2>\n\t\t\t\t\t\t\t<\/div>\n\t\t\t\n\t\t\t\n\t\t\t\n\t\t<\/div>\n\t\t\n\t\t\t\t<div id=\"wd-6752e18e0aad8\" class=\"wd-text-block wd-wpb reset-last-child wd-rs-6752e18e0aad8 text-left \">\n\t\t\t<p>Jeg har v\u00e6rt Fifa spilleragent fra 2007<br \/>\nFifa Kampagent fra 2009<\/p>\n\t\t<\/div>\n\t\t[vc_single_image image=&raquo;1659&#8243; img_size=&raquo;full&raquo; parallax_scroll=&raquo;no&raquo; woodmart_inline=&raquo;no&raquo;][\/vc_column][\/vc_row][vc_row css=&raquo;.vc_custom_1712186914691{margin-top: 50px !important;}&raquo; woodmart_css_id=&raquo;660de61bd5241&#8243; responsive_spacing=&raquo;eyJwYXJhbV90eXBlIjoid29vZG1hcnRfcmVzcG9uc2l2ZV9zcGFjaW5nIiwic2VsZWN0b3JfaWQiOiI2NjBkZTYxYmQ1MjQxIiwic2hvcnRjb2RlIjoidmNfcm93IiwiZGF0YSI6eyJ0YWJsZXQiOnt9LCJtb2JpbGUiOnt9fX0=&raquo; mobile_bg_img_hidden=&raquo;no&raquo; tablet_bg_img_hidden=&raquo;no&raquo; woodmart_parallax=&raquo;0&#8243; woodmart_gradient_switch=&raquo;no&raquo; woodmart_box_shadow=&raquo;no&raquo; wd_z_index=&raquo;no&raquo; woodmart_disable_overflow=&raquo;0&#8243; row_reverse_mobile=&raquo;0&#8243; row_reverse_tablet=&raquo;0&#8243;][vc_column]\n\t\t<div id=\"wd-6752e1a090560\" class=\"title-wrapper wd-wpb set-mb-s reset-last-child  wd-rs-6752e1a090560 wd-title-color-primary wd-title-style-simple text-left  wd-underline-colored\">\n\t\t\t\n\t\t\t<div class=\"liner-continer\">\n\t\t\t\t<h2 class=\"woodmart-title-container title  wd-font-weight- wd-fontsize-l\" >Hvordan kom du inn i agentyrket ?<\/h2>\n\t\t\t\t\t\t\t<\/div>\n\t\t\t\n\t\t\t\n\t\t\t\n\t\t<\/div>\n\t\t\n\t\t[vc_row_inner content_placement=&raquo;middle&raquo; gap=&raquo;15&#8243; woodmart_css_id=&raquo;660deaf10986f&raquo; responsive_spacing=&raquo;eyJwYXJhbV90eXBlIjoid29vZG1hcnRfcmVzcG9uc2l2ZV9zcGFjaW5nIiwic2VsZWN0b3JfaWQiOiI2NjBkZWFmMTA5ODZmIiwic2hvcnRjb2RlIjoidmNfcm93X2lubmVyIiwiZGF0YSI6eyJ0YWJsZXQiOnt9LCJtb2JpbGUiOnt9fX0=&raquo; mobile_bg_img_hidden=&raquo;no&raquo; tablet_bg_img_hidden=&raquo;no&raquo; woodmart_parallax=&raquo;0&#8243; woodmart_gradient_switch=&raquo;no&raquo; woodmart_box_shadow=&raquo;no&raquo; wd_z_index=&raquo;no&raquo; woodmart_disable_overflow=&raquo;0&#8243; row_reverse_mobile=&raquo;0&#8243; row_reverse_tablet=&raquo;0&#8243;][vc_column_inner width=&raquo;1\/2&#8243;]\t\t<div id=\"wd-6752e1b514aa7\" class=\"wd-text-block wd-wpb reset-last-child wd-rs-6752e1b514aa7 text-left \">\n\t\t\t<p>har jeg hatt idenskapen for fotball siden jeg var ung hvor jeg spilte fotball som enhver ung person i amat\u00f8rfotball mens jeg en dag spilte fotball mindr\u00f8mom \u00e5 bli en spillersgent gitt mine ferdigheter og talenter fotballledelse parrallelt med ut\u00f8velse av fotball som frivillig ved \u00e5 itf\u00f8re funksjonen som assisterende sekret\u00e6r i klubben s\u00e5 jeg at jeg er egnet og jeg kunne fylle frustrasjon min ved \u00e5 hjelpe klubben p\u00e5 den administrative siden .Jed s\u00e5 at agentjobben var laget for meg s\u00e5 jeg tok beslutningen om \u00e5 jobbe som offisiel samarbeidspartner for en spilleragent for FFF(Fransk) siden 1997.i 2007 bestemte jeg med for \u00e5 ta dadagenteksamenen i Algerie under FIFA \u2019s regi.<\/p>\n\t\t<\/div>\n\t\t[\/vc_column_inner][vc_column_inner width=&raquo;1\/2&#8243;][vc_single_image image=&raquo;1655&#8243; img_size=&raquo;full&raquo; alignment=&raquo;center&raquo; parallax_scroll=&raquo;no&raquo; woodmart_inline=&raquo;no&raquo;][\/vc_column_inner][\/vc_row_inner]\t\t<div id=\"wd-6752e20239d56\" class=\"wd-text-block wd-wpb reset-last-child wd-rs-6752e20239d56 text-left \">\n\t\t\t<p>Den 27 september 2007 (best\u00e5tt eksamen) fikk jeg lisensen og begynte \u00e5 jobbe som agent godkjrnt av FIFA hvor jeg oppretter mitt eget firma sports (GSEEFM) med dobbel lisens godkjent av FIFA.Jeg utf\u00f8rer min aktivitet p\u00e5 en global skala som agent &amp;kamps FIFA agent.<\/p>\n<p>V\u00e5rt delskap forest\u00e5r aldri en klient(spiller-trener-klunbb) uten levering av en mandatkontrakt .V\u00e5r aktivitet er strukturert av FIFA Regler-Konf\u00f8derasjones regler og FIFA s medlemsfordundt<\/p>\n<p>Og lovgivningen i landet der transaksjonen er laget.<\/p>\n<p>Selskapet v\u00e5rt kan presetere mindre\u00e5rige med specifikk autorisasjon fra FIFA for en periode p\u00e5 tre \u00e5r etter vellykker gjennomf\u00f8ring av en FIFA eksemen (du kan sjekke p\u00e5 FIFA Agentsplattformen. Vi er tilgengelige i Fotballens verden<\/p>\n<p>Dette yrket som spilleragent inneb\u00e6re derfor kunnskap p\u00e5 flere omr\u00e5der<\/p>\n<p>Disiplinen djelder selvf\u00f8lgelig markedsf\u00f8ring -\u00f8konomo-sportsledelse og juridisk,<\/p>\n\t\t<\/div>\n\t\t\t\t<div id=\"gallery_856\" class=\"wd-images-gallery wd-rs-660ded2459764 wd-justify-left wd-items-middle view-masonry\" >\n\t\t\t<div class=\"gallery-images row wd-spacing-20\">\n\t\t\t\t\t\t\t\t\t\t\t\t\t\t\t<div class=\"wd-gallery-item col-lg-4 col-md-4 col-sm-6 col-6\">\n\t\t\t\t\t\t\t\n\t\t\t\t\t\t\t\t<img loading=\"lazy\" decoding=\"async\" width=\"922\" height=\"518\" src=\"https:\/\/www.gseentreprise.com\/wp-content\/uploads\/2024\/04\/LE-MOT-DU-FONDATEUR-9.jpg\" class=\"wd-gallery-image image-1\" alt=\"\" srcset=\"https:\/\/www.gseentreprise.com\/wp-content\/uploads\/2024\/04\/LE-MOT-DU-FONDATEUR-9.jpg 922w, https:\/\/www.gseentreprise.com\/wp-content\/uploads\/2024\/04\/LE-MOT-DU-FONDATEUR-9-300x169.jpg 300w, https:\/\/www.gseentreprise.com\/wp-content\/uploads\/2024\/04\/LE-MOT-DU-FONDATEUR-9-768x431.jpg 768w\" sizes=\"auto, (max-width: 922px) 100vw, 922px\" \/>\n\t\t\t\t\t\t\t\t\t\t\t\t\t\t<\/div>\n\t\t\t\t\t\t\t\t\t\t\t<div class=\"wd-gallery-item col-lg-4 col-md-4 col-sm-6 col-6\">\n\t\t\t\t\t\t\t\n\t\t\t\t\t\t\t\t<img loading=\"lazy\" decoding=\"async\" width=\"500\" height=\"268\" src=\"https:\/\/www.gseentreprise.com\/wp-content\/uploads\/2024\/04\/LE-MOT-DU-FONDATEUR-7-1.jpg\" class=\"wd-gallery-image image-2\" alt=\"\" srcset=\"https:\/\/www.gseentreprise.com\/wp-content\/uploads\/2024\/04\/LE-MOT-DU-FONDATEUR-7-1.jpg 500w, https:\/\/www.gseentreprise.com\/wp-content\/uploads\/2024\/04\/LE-MOT-DU-FONDATEUR-7-1-300x161.jpg 300w\" sizes=\"auto, (max-width: 500px) 100vw, 500px\" \/>\n\t\t\t\t\t\t\t\t\t\t\t\t\t\t<\/div>\n\t\t\t\t\t\t\t\t\t\t\t<div class=\"wd-gallery-item col-lg-4 col-md-4 col-sm-6 col-6\">\n\t\t\t\t\t\t\t\n\t\t\t\t\t\t\t\t<img loading=\"lazy\" decoding=\"async\" width=\"560\" height=\"315\" src=\"https:\/\/www.gseentreprise.com\/wp-content\/uploads\/2024\/04\/LE-MOT-DU-FONDATEUR-10.jpg\" class=\"wd-gallery-image image-3\" alt=\"\" srcset=\"https:\/\/www.gseentreprise.com\/wp-content\/uploads\/2024\/04\/LE-MOT-DU-FONDATEUR-10.jpg 560w, https:\/\/www.gseentreprise.com\/wp-content\/uploads\/2024\/04\/LE-MOT-DU-FONDATEUR-10-300x169.jpg 300w\" sizes=\"auto, (max-width: 560px) 100vw, 560px\" \/>\n\t\t\t\t\t\t\t\t\t\t\t\t\t\t<\/div>\n\t\t\t\t\t\t\t\t\t\t\t\t<\/div>\n\t\t<\/div>\n\t\t\t\t[vc_single_image image=&raquo;1054&#8243; img_size=&raquo;560&#215;214&#8243; alignment=&raquo;center&raquo; parallax_scroll=&raquo;no&raquo; woodmart_inline=&raquo;no&raquo;][\/vc_column][\/vc_row]<\/p>\n<\/div>","protected":false},"excerpt":{"rendered":"<p>[vc_row gap=&raquo;15&#8243; content_placement=&raquo;middle&raquo; disable_element=&raquo;yes&raquo; woodmart_css_id=&raquo;693ec3bb44c1d&raquo; responsive_spacing=&raquo;eyJwYXJhbV90eXBlIjoid29vZG1hcnRfcmVzcG9uc2l2ZV9zcGFjaW5nIiwic2VsZWN0b3JfaWQiOiI2OTNlYzNiYjQ0YzFkIiwic2hvcnRjb2RlIjoidmNfcm93IiwiZGF0YSI6eyJ0YWJsZXQiOnt9LCJtb2JpbGUiOnt9fX0=&raquo; mobile_bg_img_hidden=&raquo;no&raquo; tablet_bg_img_hidden=&raquo;no&raquo; woodmart_parallax=&raquo;0&#8243; woodmart_gradient_switch=&raquo;no&raquo; woodmart_box_shadow=&raquo;no&raquo; wd_z_index=&raquo;no&raquo; woodmart_disable_overflow=&raquo;0&#8243; row_reverse_mobile=&raquo;1&#8243; row_reverse_tablet=&raquo;0&#8243;][vc_column woodmart_css_id=&raquo;660d80ac800aa&raquo; parallax_scroll=&raquo;no&raquo; woodmart_sticky_column=&raquo;false&raquo; wd_collapsible_content_switcher=&raquo;no&raquo; wd_column_role_offcanvas_desktop=&raquo;no&raquo;<\/p>\n","protected":false},"author":1,"featured_media":0,"parent":0,"menu_order":0,"comment_status":"closed","ping_status":"closed","template":"","meta":{"footnotes":""},"class_list":["post-2246","page","type-page","status-publish","hentry"],"_links":{"self":[{"href":"https:\/\/www.gseentreprise.com\/no\/wp-json\/wp\/v2\/pages\/2246","targetHints":{"allow":["GET"]}}],"collection":[{"href":"https:\/\/www.gseentreprise.com\/no\/wp-json\/wp\/v2\/pages"}],"about":[{"href":"https:\/\/www.gseentreprise.com\/no\/wp-json\/wp\/v2\/types\/page"}],"author":[{"embeddable":true,"href":"https:\/\/www.gseentreprise.com\/no\/wp-json\/wp\/v2\/users\/1"}],"replies":[{"embeddable":true,"href":"https:\/\/www.gseentreprise.com\/no\/wp-json\/wp\/v2\/comments?post=2246"}],"version-history":[{"count":4,"href":"https:\/\/www.gseentreprise.com\/no\/wp-json\/wp\/v2\/pages\/2246\/revisions"}],"predecessor-version":[{"id":2410,"href":"https:\/\/www.gseentreprise.com\/no\/wp-json\/wp\/v2\/pages\/2246\/revisions\/2410"}],"wp:attachment":[{"href":"https:\/\/www.gseentreprise.com\/no\/wp-json\/wp\/v2\/media?parent=2246"}],"curies":[{"name":"wp","href":"https:\/\/api.w.org\/{rel}","templated":true}]}}