{"id":2248,"date":"2023-09-30T17:41:01","date_gmt":"2023-09-30T17:41:01","guid":{"rendered":"https:\/\/www.gseentreprise.com\/?page_id=2248"},"modified":"2024-12-06T14:18:59","modified_gmt":"2024-12-06T14:18:59","slug":"var-strategi","status":"publish","type":"page","link":"https:\/\/www.gseentreprise.com\/no\/var-strategi\/","title":{"rendered":"V\u00e5r strategi"},"content":{"rendered":"<div class=\"wpb-content-wrapper\"><p>[vc_row gap=&raquo;20&#8243; content_placement=&raquo;middle&raquo; woodmart_css_id=&raquo;65185e7c6588d&raquo; responsive_spacing=&raquo;eyJwYXJhbV90eXBlIjoid29vZG1hcnRfcmVzcG9uc2l2ZV9zcGFjaW5nIiwic2VsZWN0b3JfaWQiOiI2NTE4NWU3YzY1ODhkIiwic2hvcnRjb2RlIjoidmNfcm93IiwiZGF0YSI6eyJ0YWJsZXQiOnt9LCJtb2JpbGUiOnt9fX0=&raquo; mobile_bg_img_hidden=&raquo;no&raquo; tablet_bg_img_hidden=&raquo;no&raquo; woodmart_parallax=&raquo;0&#8243; woodmart_gradient_switch=&raquo;no&raquo; woodmart_box_shadow=&raquo;no&raquo; wd_z_index=&raquo;no&raquo; woodmart_disable_overflow=&raquo;0&#8243; row_reverse_mobile=&raquo;0&#8243; row_reverse_tablet=&raquo;0&#8243;][vc_column width=&raquo;1\/2&#8243;]\t\t\t<link rel=\"stylesheet\" id=\"wd-text-block-css\" href=\"https:\/\/www.gseentreprise.com\/wp-content\/themes\/woodmart\/css\/parts\/el-text-block.min.css?ver=7.3.0\" type=\"text\/css\" media=\"all\" \/> \t\t\t\t\t<div id=\"wd-675306925e7f7\" class=\"wd-text-block wd-wpb reset-last-child wd-rs-675306925e7f7 text-left \">\n\t\t\t<p>Strategien til selskapet v\u00e5rt er uttrykk for et forretningsprosjek GSEEFM utmerker sin globale strategi ved \u00e5 spesialisere seg i en enkelt aktivitet knyttet til arrangementsledelse og oppdagelse av unge talenter.<\/p>\n<p><strong>De ulike strategiene som v\u00e5rt selskap kan implementere de tre (03) aksene for utvikling aktivitet:<\/strong><\/p>\n<ul>\n<li>Fokus p\u00e5nvekst av sksisterende aktiviterer<\/li>\n<li>Oppretholde aktiviteter p\u00e5 sitt niv\u00e5 for \u00e5 stabilisere virksomheten<\/li>\n<li>Forlate visse aktiviteter for \u00e5 fokusere p\u00e5 andre<\/li>\n<\/ul>\n<p>MVH<br \/>\nGSEEFM Mr Lakhdar Boussakra<\/p>\n\t\t<\/div>\n\t\t[\/vc_column][vc_column width=&raquo;1\/2&#8243;][vc_single_image image=&raquo;507&#8243; img_size=&raquo;full&raquo; parallax_scroll=&raquo;no&raquo; woodmart_inline=&raquo;no&raquo;][\/vc_column][\/vc_row][vc_row css=&raquo;.vc_custom_1707914874514{margin-top: 30px !important;}&raquo; woodmart_css_id=&raquo;65ccb66e3b7dd&raquo; responsive_spacing=&raquo;eyJwYXJhbV90eXBlIjoid29vZG1hcnRfcmVzcG9uc2l2ZV9zcGFjaW5nIiwic2VsZWN0b3JfaWQiOiI2NWNjYjY2ZTNiN2RkIiwic2hvcnRjb2RlIjoidmNfcm93IiwiZGF0YSI6eyJ0YWJsZXQiOnt9LCJtb2JpbGUiOnt9fX0=&raquo; mobile_bg_img_hidden=&raquo;no&raquo; tablet_bg_img_hidden=&raquo;no&raquo; woodmart_parallax=&raquo;0&#8243; woodmart_gradient_switch=&raquo;no&raquo; woodmart_box_shadow=&raquo;no&raquo; wd_z_index=&raquo;no&raquo; woodmart_disable_overflow=&raquo;0&#8243; row_reverse_mobile=&raquo;1&#8243; row_reverse_tablet=&raquo;0&#8243;][vc_column width=&raquo;1\/2&#8243;][vc_single_image image=&raquo;1223&#8243; img_size=&raquo;full&raquo; parallax_scroll=&raquo;no&raquo; woodmart_inline=&raquo;no&raquo;][\/vc_column][vc_column width=&raquo;1\/2&#8243;]\t\t\t<link rel=\"stylesheet\" id=\"wd-section-title-css\" href=\"https:\/\/www.gseentreprise.com\/wp-content\/themes\/woodmart\/css\/parts\/el-section-title.min.css?ver=7.3.0\" type=\"text\/css\" media=\"all\" \/> \t\t\t\t\t\t<link rel=\"stylesheet\" id=\"wd-section-title-style-simple-and-brd-css\" href=\"https:\/\/www.gseentreprise.com\/wp-content\/themes\/woodmart\/css\/parts\/el-section-title-style-simple-and-brd.min.css?ver=7.3.0\" type=\"text\/css\" media=\"all\" \/> \t\t\t\t\t\t<link rel=\"stylesheet\" id=\"wd-mod-highlighted-text-css\" href=\"https:\/\/www.gseentreprise.com\/wp-content\/themes\/woodmart\/css\/parts\/mod-highlighted-text.min.css?ver=7.3.0\" type=\"text\/css\" media=\"all\" \/> \t\t\t\n\t\t<div id=\"wd-675307531ae5b\" class=\"title-wrapper wd-wpb set-mb-s reset-last-child  wd-rs-675307531ae5b wd-title-color-primary wd-title-style-simple text-left  wd-underline-colored\">\n\t\t\t\n\t\t\t<div class=\"liner-continer\">\n\t\t\t\t<h2 class=\"woodmart-title-container title  wd-font-weight- wd-fontsize-l\" >Tips for utvikle engenskapene til en Agent<\/h2>\n\t\t\t\t\t\t\t<\/div>\n\t\t\t\n\t\t\t\n\t\t\t\n\t\t<\/div>\n\t\t\n\t\t\t\t<div id=\"wd-6753076973c82\" class=\"wd-text-block wd-wpb reset-last-child wd-rs-6753076973c82 text-left \">\n\t\t\t<ol>\n<li>Kunnskap om verdensfotball<\/li>\n<li>Studer de store og sm\u00e5 ligaene<\/li>\n<li>Kjenne de innflytelsesrike vlubene og deres spillestil<\/li>\n<li>Hold deg informert om trender i overf\u00f8ringsmarkedet<\/li>\n<li>Utforsk sponsormuligheter \u00e5 \u00f8ke inntektene.<\/li>\n<\/ol>\n\t\t<\/div>\n\t\t[\/vc_column][\/vc_row][vc_row content_placement=&raquo;middle&raquo; css=&raquo;.vc_custom_1707916607919{margin-top: 30px !important;}&raquo; woodmart_css_id=&raquo;65ccbd357e717&#8243; responsive_spacing=&raquo;eyJwYXJhbV90eXBlIjoid29vZG1hcnRfcmVzcG9uc2l2ZV9zcGFjaW5nIiwic2VsZWN0b3JfaWQiOiI2NWNjYmQzNTdlNzE3Iiwic2hvcnRjb2RlIjoidmNfcm93IiwiZGF0YSI6eyJ0YWJsZXQiOnt9LCJtb2JpbGUiOnt9fX0=&raquo; mobile_bg_img_hidden=&raquo;no&raquo; tablet_bg_img_hidden=&raquo;no&raquo; woodmart_parallax=&raquo;0&#8243; woodmart_gradient_switch=&raquo;no&raquo; woodmart_box_shadow=&raquo;no&raquo; wd_z_index=&raquo;no&raquo; woodmart_disable_overflow=&raquo;0&#8243; row_reverse_mobile=&raquo;1&#8243; row_reverse_tablet=&raquo;0&#8243;][vc_column width=&raquo;1\/2&#8243;]\n\t\t<div id=\"wd-675307928386a\" class=\"title-wrapper wd-wpb set-mb-s reset-last-child  wd-rs-675307928386a wd-title-color-primary wd-title-style-simple text-left  wd-underline-colored\">\n\t\t\t\n\t\t\t<div class=\"liner-continer\">\n\t\t\t\t<h2 class=\"woodmart-title-container title  wd-font-weight- wd-fontsize-l\" >Viktige ferdigheter for en spilleragent<\/h2>\n\t\t\t\t\t\t\t<\/div>\n\t\t\t\n\t\t\t\n\t\t\t\n\t\t<\/div>\n\t\t\n\t\t\t\t<div id=\"wd-675307b4bf2fc\" class=\"wd-text-block wd-wpb reset-last-child wd-rs-675307b4bf2fc text-left \">\n\t\t\t<ol>\n<li>Utmerket kunnskap om sportsmarkedsrett og gjedende regleverk<\/li>\n<li>Ha en rent strafferegister og up\u00e5klagelig etikk<\/li>\n<li>God kunnskap om koder pog praksis innen kommunikasjon og markedsf\u00f8ring.<\/li>\n<\/ol>\n\t\t<\/div>\n\t\t[\/vc_column][vc_column width=&raquo;1\/2&#8243;][vc_single_image image=&raquo;1228&#8243; img_size=&raquo;full&raquo; parallax_scroll=&raquo;no&raquo; woodmart_inline=&raquo;no&raquo;][\/vc_column][\/vc_row]<\/p>\n<\/div>","protected":false},"excerpt":{"rendered":"<p>[vc_row gap=&raquo;20&#8243; content_placement=&raquo;middle&raquo; woodmart_css_id=&raquo;65185e7c6588d&raquo; responsive_spacing=&raquo;eyJwYXJhbV90eXBlIjoid29vZG1hcnRfcmVzcG9uc2l2ZV9zcGFjaW5nIiwic2VsZWN0b3JfaWQiOiI2NTE4NWU3YzY1ODhkIiwic2hvcnRjb2RlIjoidmNfcm93IiwiZGF0YSI6eyJ0YWJsZXQiOnt9LCJtb2JpbGUiOnt9fX0=&raquo; mobile_bg_img_hidden=&raquo;no&raquo; tablet_bg_img_hidden=&raquo;no&raquo; woodmart_parallax=&raquo;0&#8243; woodmart_gradient_switch=&raquo;no&raquo; woodmart_box_shadow=&raquo;no&raquo; wd_z_index=&raquo;no&raquo; woodmart_disable_overflow=&raquo;0&#8243; row_reverse_mobile=&raquo;0&#8243; row_reverse_tablet=&raquo;0&#8243;][vc_column width=&raquo;1\/2&#8243;][\/vc_column][vc_column width=&raquo;1\/2&#8243;][vc_single_image image=&raquo;507&#8243; img_size=&raquo;full&raquo; parallax_scroll=&raquo;no&raquo; woodmart_inline=&raquo;no&raquo;][\/vc_column][\/vc_row][vc_row<\/p>\n","protected":false},"author":1,"featured_media":0,"parent":0,"menu_order":0,"comment_status":"closed","ping_status":"closed","template":"","meta":{"footnotes":""},"class_list":["post-2248","page","type-page","status-publish","hentry"],"_links":{"self":[{"href":"https:\/\/www.gseentreprise.com\/no\/wp-json\/wp\/v2\/pages\/2248","targetHints":{"allow":["GET"]}}],"collection":[{"href":"https:\/\/www.gseentreprise.com\/no\/wp-json\/wp\/v2\/pages"}],"about":[{"href":"https:\/\/www.gseentreprise.com\/no\/wp-json\/wp\/v2\/types\/page"}],"author":[{"embeddable":true,"href":"https:\/\/www.gseentreprise.com\/no\/wp-json\/wp\/v2\/users\/1"}],"replies":[{"embeddable":true,"href":"https:\/\/www.gseentreprise.com\/no\/wp-json\/wp\/v2\/comments?post=2248"}],"version-history":[{"count":3,"href":"https:\/\/www.gseentreprise.com\/no\/wp-json\/wp\/v2\/pages\/2248\/revisions"}],"predecessor-version":[{"id":2260,"href":"https:\/\/www.gseentreprise.com\/no\/wp-json\/wp\/v2\/pages\/2248\/revisions\/2260"}],"wp:attachment":[{"href":"https:\/\/www.gseentreprise.com\/no\/wp-json\/wp\/v2\/media?parent=2248"}],"curies":[{"name":"wp","href":"https:\/\/api.w.org\/{rel}","templated":true}]}}