{"id":2263,"date":"2023-09-21T12:38:55","date_gmt":"2023-09-21T12:38:55","guid":{"rendered":"https:\/\/www.gseentreprise.com\/?page_id=2263"},"modified":"2026-02-18T11:34:58","modified_gmt":"2026-02-18T11:34:58","slug":"fifa-kampagent","status":"publish","type":"page","link":"https:\/\/www.gseentreprise.com\/no\/fifa-kampagent\/","title":{"rendered":"Fifa Kampagent"},"content":{"rendered":"<div class=\"wpb-content-wrapper\"><p>[vc_row][vc_column]\t\t\t<link rel=\"stylesheet\" id=\"wd-section-title-css\" href=\"https:\/\/www.gseentreprise.com\/wp-content\/themes\/woodmart\/css\/parts\/el-section-title.min.css?ver=7.3.0\" type=\"text\/css\" media=\"all\" \/> \t\t\t\t\t\t<link rel=\"stylesheet\" id=\"wd-section-title-style-simple-and-brd-css\" href=\"https:\/\/www.gseentreprise.com\/wp-content\/themes\/woodmart\/css\/parts\/el-section-title-style-simple-and-brd.min.css?ver=7.3.0\" type=\"text\/css\" media=\"all\" \/> \t\t\t\t\t\t<link rel=\"stylesheet\" id=\"wd-mod-highlighted-text-css\" href=\"https:\/\/www.gseentreprise.com\/wp-content\/themes\/woodmart\/css\/parts\/mod-highlighted-text.min.css?ver=7.3.0\" type=\"text\/css\" media=\"all\" \/> \t\t\t\n\t\t<div id=\"wd-675319789931d\" class=\"title-wrapper wd-wpb set-mb-s reset-last-child  wd-rs-675319789931d wd-title-color-primary wd-title-style-simple text-left  wd-underline-colored\">\n\t\t\t\n\t\t\t<div class=\"liner-continer\">\n\t\t\t\t<h4 class=\"woodmart-title-container title  wd-font-weight- wd-fontsize-l\" >Fifa Kampagent<\/h4>\n\t\t\t\t\t\t\t<\/div>\n\t\t\t\n\t\t\t\n\t\t\t\n\t\t<\/div>\n\t\t\n\t\t\t\t\t<link rel=\"stylesheet\" id=\"wd-text-block-css\" href=\"https:\/\/www.gseentreprise.com\/wp-content\/themes\/woodmart\/css\/parts\/el-text-block.min.css?ver=7.3.0\" type=\"text\/css\" media=\"all\" \/> \t\t\t\t\t<div id=\"wd-6995a3cf56987\" class=\"wd-text-block wd-wpb reset-last-child wd-rs-6995a3cf56987 text-left vc_custom_1771414496056\">\n\t\t\t<pre><strong><a href=\"https:\/\/www.gseentreprise.com\/wp-content\/uploads\/2024\/01\/FIFA-Match-Agents.pdf\" target=\"_blank\" rel=\"noopener\">La liste des agents de match<\/a> \/\/ <a href=\"https:\/\/www.gseentreprise.com\/wp-content\/uploads\/2024\/01\/Match-Agent-Insurance-Policy-Submission-Form.pdf\" target=\"_blank\" rel=\"noopener\">La police d'assurance<\/a>\r\n<a href=\"https:\/\/www.gseentreprise.com\/wp-content\/uploads\/2024\/02\/GSEEFM.pdf\" target=\"_blank\" rel=\"noopener\">Les Matches Amicaux (Dates Fifa ) organis\u00e9s par notre Entreprise (G.S.E.E.F.M)<\/a>\r\n<a href=\"https:\/\/www.gseentreprise.com\/wp-content\/uploads\/2024\/02\/INSURANCE-FIFA-MATCH-AGENT-1.pdf\" target=\"_blank\" rel=\"noopener\">ASSURANCE FIFA MATCH AGENT<\/a><\/strong><\/pre>\n<pre><strong><a href=\"https:\/\/www.gseentreprise.com\/wp-content\/uploads\/2026\/02\/Insurance-Policy-WRBVS-0076-BoussakraLakhdar-12-02-2026-11-28-37.pdf\"><u>Police d'Assurance valable du 15\/02\/26 au 14\/02\/27<\/u><\/a><\/strong><\/pre>\n\t\t<\/div>\n\t\t[vc_row_inner responsive_tabs_advanced=&raquo;mobile&raquo; woodmart_css_id=&raquo;650dcc8a30dd0&#8243; responsive_spacing=&raquo;eyJwYXJhbV90eXBlIjoid29vZG1hcnRfcmVzcG9uc2l2ZV9zcGFjaW5nIiwic2VsZWN0b3JfaWQiOiI2NTBkY2M4YTMwZGQwIiwic2hvcnRjb2RlIjoidmNfcm93X2lubmVyIiwiZGF0YSI6eyJ0YWJsZXQiOnt9LCJtb2JpbGUiOnt9fX0=&raquo; mobile_bg_img_hidden=&raquo;no&raquo; tablet_bg_img_hidden=&raquo;no&raquo; woodmart_parallax=&raquo;0&#8243; woodmart_gradient_switch=&raquo;no&raquo; woodmart_box_shadow=&raquo;no&raquo; wd_z_index=&raquo;no&raquo; woodmart_disable_overflow=&raquo;0&#8243; row_reverse_mobile=&raquo;0&#8243; row_reverse_tablet=&raquo;0&#8243;][vc_column_inner width=&raquo;1\/2&#8243;][vc_single_image image=&raquo;475&#8243; img_size=&raquo;full&raquo; parallax_scroll=&raquo;no&raquo; woodmart_inline=&raquo;no&raquo; css=&raquo;.vc_custom_1695401991864{margin-bottom: 10px !important;}&raquo;]\t\t<div id=\"wd-6753172ecb585\" class=\"wd-text-block wd-wpb reset-last-child wd-rs-6753172ecb585 text-left vc_custom_1733498692950\">\n\t\t\t<p style=\"text-align: center;\"><em>Lisens ID No 29037 aktiv siden 27\/06\/2009 er opprettet denne dagen<\/em><\/p>\n\t\t<\/div>\n\t\t[\/vc_column_inner][vc_column_inner width=&raquo;1\/2&#8243;]\t\t<div id=\"wd-675315ebd9e91\" class=\"wd-text-block wd-wpb reset-last-child wd-rs-675315ebd9e91 text-left \">\n\t\t\t<h4><span style=\"color: #000000;\"><strong>Regler for Kamparrang\u00f8rer<\/strong><\/span><\/h4>\n<p>Fifa Kampagentlisensen for organisering av kamper gir sin innehaver enerett til \u00e5 organisere vennskapskamper-turneringer mellom landslag i alle kategorier samme eller forskjellige konf\u00f8derasjoner.FIFA Match agent lisensen er strengt personlig og er ikke kommersiel eiendom somkan forhandles,l\u00e5nes ut eller selges.Forpliktelser gitt av og til fordel for en agent m\u00e5 etableres i duplikat i form av en kontrakt signert av elle ber\u00f8rte partner<\/p>\n<p><u><a href=\"https:\/\/www.gseentreprise.com\/wp-content\/uploads\/2024\/01\/p0ppt4a5mrbb0zmvbl1g.pdf\" target=\"_blank\" rel=\"noopener\">R\u00e8glement des Agents de Match (1)<\/a><\/u><br \/>\n<u><a href=\"https:\/\/www.gseentreprise.com\/wp-content\/uploads\/2024\/01\/FIFA-Match-Agents-Regulations.pdf\" target=\"_blank\" rel=\"noopener\">R\u00e8glement des Agents de Match (2)<\/a><\/u><br \/>\n<u><a href=\"https:\/\/www.gseentreprise.com\/wp-content\/uploads\/2024\/01\/Mens-International-Match-Calendar-2023-2030_FR-19122023.pdf\" target=\"_blank\" rel=\"noopener\">Internasjonalt kampoppset for herrefotball 2023-2030<\/a><\/u><\/p>\n\t\t<\/div>\n\t\t[\/vc_column_inner][\/vc_row_inner][\/vc_column][\/vc_row][vc_row gap=&raquo;20&#8243; responsive_tabs_advanced=&raquo;mobile&raquo; css=&raquo;.vc_custom_1695403295479{margin-top: 50px !important;}&raquo; woodmart_css_id=&raquo;650dcd1a8e975&#8243; responsive_spacing=&raquo;eyJwYXJhbV90eXBlIjoid29vZG1hcnRfcmVzcG9uc2l2ZV9zcGFjaW5nIiwic2VsZWN0b3JfaWQiOiI2NTBkY2QxYThlOTc1Iiwic2hvcnRjb2RlIjoidmNfcm93IiwiZGF0YSI6eyJ0YWJsZXQiOnt9LCJtb2JpbGUiOnt9fX0=&raquo; mobile_bg_img_hidden=&raquo;no&raquo; tablet_bg_img_hidden=&raquo;no&raquo; woodmart_parallax=&raquo;0&#8243; woodmart_gradient_switch=&raquo;no&raquo; woodmart_box_shadow=&raquo;no&raquo; wd_z_index=&raquo;no&raquo; woodmart_disable_overflow=&raquo;0&#8243; row_reverse_mobile=&raquo;1&#8243; row_reverse_tablet=&raquo;0&#8243;][vc_column width=&raquo;1\/2&#8243;]\n\t\t<div id=\"wd-675317485e289\" class=\"title-wrapper wd-wpb set-mb-s reset-last-child  wd-rs-675317485e289 wd-title-color-primary wd-title-style-simple text-left  wd-underline-colored\">\n\t\t\t\n\t\t\t<div class=\"liner-continer\">\n\t\t\t\t<h4 class=\"woodmart-title-container title  wd-font-weight- wd-fontsize-l\" >Behold lisensen<\/h4>\n\t\t\t\t\t\t\t<\/div>\n\t\t\t\n\t\t\t\n\t\t\t\n\t\t<\/div>\n\t\t\n\t\t\t\t<div id=\"wd-6753175ae096c\" class=\"wd-text-block wd-wpb reset-last-child wd-rs-6753175ae096c text-left \">\n\t\t\t<p>For \u00e5 opprettholde Kampagentlisensen aktiv ,m\u00e5 kamparrang\u00f8ren fornye sin obligatoriske forsikring og s\u00f8rge og gi bevis p\u00e5 fornyelse til agentavdelingen for \u00e5 unng\u00e5 eventuell automatisk fj\u00e6ring.<\/p>\n<p>Fifa Kampagenter hjelper til med \u00e5bringe sammen samfunn, land,klubber og Landslag mer enn noen andrelegemliggj\u00f8r Fifa s levende Fotballfilosofi.<\/p>\n\t\t<\/div>\n\t\t[\/vc_column][vc_column width=&raquo;1\/2&#8243;][vc_single_image image=&raquo;401&#8243; img_size=&raquo;full&raquo; parallax_scroll=&raquo;no&raquo; woodmart_inline=&raquo;no&raquo;][\/vc_column][\/vc_row][vc_row gap=&raquo;20&#8243; css=&raquo;.vc_custom_1695403285222{margin-top: 50px !important;}&raquo; woodmart_css_id=&raquo;650dcd06b0a6e&raquo; responsive_spacing=&raquo;eyJwYXJhbV90eXBlIjoid29vZG1hcnRfcmVzcG9uc2l2ZV9zcGFjaW5nIiwic2VsZWN0b3JfaWQiOiI2NTBkY2QwNmIwYTZlIiwic2hvcnRjb2RlIjoidmNfcm93IiwiZGF0YSI6eyJ0YWJsZXQiOnt9LCJtb2JpbGUiOnt9fX0=&raquo; mobile_bg_img_hidden=&raquo;no&raquo; tablet_bg_img_hidden=&raquo;no&raquo; woodmart_parallax=&raquo;0&#8243; woodmart_gradient_switch=&raquo;no&raquo; woodmart_box_shadow=&raquo;no&raquo; wd_z_index=&raquo;no&raquo; woodmart_disable_overflow=&raquo;0&#8243; row_reverse_mobile=&raquo;0&#8243; row_reverse_tablet=&raquo;0&#8243;][vc_column width=&raquo;1\/2&#8243;][vc_single_image image=&raquo;481&#8243; img_size=&raquo;full&raquo; parallax_scroll=&raquo;no&raquo; woodmart_inline=&raquo;no&raquo;][\/vc_column][vc_column width=&raquo;1\/2&#8243;]\n\t\t<div id=\"wd-6753177d2a2bc\" class=\"title-wrapper wd-wpb set-mb-s reset-last-child  wd-rs-6753177d2a2bc wd-title-color-primary wd-title-style-simple text-left  wd-underline-colored\">\n\t\t\t\n\t\t\t<div class=\"liner-continer\">\n\t\t\t\t<h4 class=\"woodmart-title-container title  wd-font-weight- wd-fontsize-l\" >Organisering og arrangement av internasjonale vennskapkamper p\u00e5 FIFA-Datoer<\/h4>\n\t\t\t\t\t\t\t<\/div>\n\t\t\t\n\t\t\t\n\t\t\t\n\t\t<\/div>\n\t\t\n\t\t\t\t<div id=\"wd-675317b1ad46e\" class=\"wd-text-block wd-wpb reset-last-child wd-rs-675317b1ad46e text-left \">\n\t\t\t<p>G.S.E.E.F.M er din ideele partner for alle aktiviter knyttet til profesjonelle fotballarrangementer.Som FIFA Kamparrang\u00f8r er vi spesialisert p\u00e5 arrangere og organisere internasjonale vennskapskamper p\u00e5 FIFA datoer for alle kategorier av landslag og profesjoelle ,klubber rundt om i verden som m\u00e5lrettet ledelse av spillere og trenere.<\/p>\n\t\t<\/div>\n\t\t[\/vc_column][\/vc_row][vc_row gap=&raquo;20&#8243; content_placement=&raquo;bottom&raquo; responsive_tabs_advanced=&raquo;mobile&raquo; css=&raquo;.vc_custom_1695406989964{margin-top: 50px !important;margin-bottom: 0px !important;}&raquo; woodmart_css_id=&raquo;650ddb716499c&raquo; responsive_spacing=&raquo;eyJwYXJhbV90eXBlIjoid29vZG1hcnRfcmVzcG9uc2l2ZV9zcGFjaW5nIiwic2VsZWN0b3JfaWQiOiI2NTBkZGI3MTY0OTljIiwic2hvcnRjb2RlIjoidmNfcm93IiwiZGF0YSI6eyJ0YWJsZXQiOnt9LCJtb2JpbGUiOnt9fX0=&raquo; mobile_bg_img_hidden=&raquo;no&raquo; tablet_bg_img_hidden=&raquo;no&raquo; woodmart_parallax=&raquo;0&#8243; woodmart_gradient_switch=&raquo;no&raquo; woodmart_box_shadow=&raquo;no&raquo; wd_z_index=&raquo;no&raquo; woodmart_disable_overflow=&raquo;0&#8243; row_reverse_mobile=&raquo;1&#8243; row_reverse_tablet=&raquo;0&#8243;][vc_column width=&raquo;1\/2&#8243;]\n\t\t<div id=\"wd-675317d0c5149\" class=\"title-wrapper wd-wpb set-mb-s reset-last-child  wd-rs-675317d0c5149 wd-title-color-primary wd-title-style-simple text-left  wd-underline-colored\">\n\t\t\t\n\t\t\t<div class=\"liner-continer\">\n\t\t\t\t<h4 class=\"woodmart-title-container title  wd-font-weight- wd-fontsize-l\" >Organisering av fotballturneringer Senior og Ungdomskategorier<\/h4>\n\t\t\t\t\t\t\t<\/div>\n\t\t\t\n\t\t\t\n\t\t\t\n\t\t<\/div>\n\t\t\n\t\t\t\t<div id=\"wd-675317e1c7b96\" class=\"wd-text-block wd-wpb reset-last-child wd-rs-675317e1c7b96 text-left \">\n\t\t\t<p>G.S.E.E.F.M er klar til organisere turneringer som er det perfekte intrumenter for \u00e5 oppretholde kamp\u00e5nden i et lag under forberedelsene og la trenere teste lagene sin som en del av strategien om \u00e5 implementere et bredt spekter av turneringer av forskjellige regioner i verden i l\u00f8pet av to mest \u00e5rlige forberedelsrsstadier.<\/p>\n<p>V\u00e5re turneringer kan kombinere vennskapskamper med dedikert trenning for \u00e5 gi spillere din best mulig forsprang mot en konkurransekamp.Vi arrangerer ogs\u00e5 turneringer for ungdom i skoleferier.Vi venter p\u00e5 din bestilling<\/p>\n<p>\u00c5 ta kontakt med oss<\/p>\n\t\t<\/div>\n\t\t[\/vc_column][vc_column width=&raquo;1\/2&#8243;][vc_single_image image=&raquo;482&#8243; img_size=&raquo;full&raquo; parallax_scroll=&raquo;no&raquo; woodmart_inline=&raquo;no&raquo;][\/vc_column][\/vc_row][vc_row][vc_column]\n\t\t<div id=\"wd-67531844deb23\" class=\"title-wrapper wd-wpb set-mb-s reset-last-child  wd-rs-67531844deb23 wd-title-color-default wd-title-style-default text-left vc_custom_1733498963365 wd-title-empty wd-underline-colored\">\n\t\t\t\t\t\t\t<div class=\"title-subtitle  subtitle-color-default font-default subtitle-style-default wd-font-weight- wd-fontsize-xs\">Trening f\u00f8r sesong og midtsesong<\/div>\n\t\t\t\n\t\t\t<div class=\"liner-continer\">\n\t\t\t\t<h4 class=\"woodmart-title-container title  wd-font-weight- wd-fontsize-l\" ><\/h4>\n\t\t\t\t\t\t\t<\/div>\n\t\t\t\n\t\t\t\n\t\t\t\n\t\t<\/div>\n\t\t\n\t\t\t\t<div id=\"wd-675318565c988\" class=\"wd-text-block wd-wpb reset-last-child wd-rs-675318565c988 text-left vc_custom_1733498986993\">\n\t\t\t<p>G.S.E.E.F.M er basert i Norge og Algerie med sterke relasjoner over hele verden for \u00e5 tilby den best profesjonelle erfaringen med \u00e5 organisere vennskapskamper p\u00e5 FIFA datoer.<\/p>\n\t\t<\/div>\n\t\t\n\t\t<div id=\"wd-6753186e0ef66\" class=\"title-wrapper wd-wpb set-mb-s reset-last-child  wd-rs-6753186e0ef66 wd-title-color-default wd-title-style-default text-left vc_custom_1733499003733 wd-title-empty wd-underline-colored\">\n\t\t\t\t\t\t\t<div class=\"title-subtitle  subtitle-color-default font-default subtitle-style-default wd-font-weight- wd-fontsize-xs\">Destinasjon for parksisplasser<\/div>\n\t\t\t\n\t\t\t<div class=\"liner-continer\">\n\t\t\t\t<h4 class=\"woodmart-title-container title  wd-font-weight- wd-fontsize-l\" ><\/h4>\n\t\t\t\t\t\t\t<\/div>\n\t\t\t\n\t\t\t\n\t\t\t\n\t\t<\/div>\n\t\t\n\t\t\t\t<div id=\"wd-6753187f19c8c\" class=\"wd-text-block wd-wpb reset-last-child wd-rs-6753187f19c8c text-left vc_custom_1733499026379\">\n\t\t\t<p>SPANIA-PORTUGAL-FRANKRIKE-MAROKKO-TUNISIA-EMIRATER FORENTE- KYPROS-KROATIA-\u00d8STERRIKE-POLEN-TURKIA-UNGARIA-SLOVAK og SLOVENIA.<\/p>\n\t\t<\/div>\n\t\t\n\t\t<div id=\"wd-67531895833ae\" class=\"title-wrapper wd-wpb set-mb-s reset-last-child  wd-rs-67531895833ae wd-title-color-default wd-title-style-default text-left vc_custom_1733499042847 wd-title-empty wd-underline-colored\">\n\t\t\t\t\t\t\t<div class=\"title-subtitle  subtitle-color-default font-default subtitle-style-default wd-font-weight- wd-fontsize-xs\">Informasjon om treningsleir<\/div>\n\t\t\t\n\t\t\t<div class=\"liner-continer\">\n\t\t\t\t<h4 class=\"woodmart-title-container title  wd-font-weight- wd-fontsize-l\" ><\/h4>\n\t\t\t\t\t\t\t<\/div>\n\t\t\t\n\t\t\t\n\t\t\t\n\t\t<\/div>\n\t\t\n\t\t\t\t<div id=\"wd-675318a6c550a\" class=\"wd-text-block wd-wpb reset-last-child wd-rs-675318a6c550a text-left vc_custom_1733499074750\">\n\t\t\t<p>V\u00e5rt firma GSEEFM tilbyr deg en komfortable treningsleir .Vi lover v\u00e5re boot camp-kumder uforglemmelige ferieopplevelser.<\/p>\n<p>Vi tar sikte p\u00e5 \u00e5 tilby v\u00e5re kunder en belanse mellon komfort,catering og underholdning og ta dem bort fra hverdagens stress.<\/p>\n\t\t<\/div>\n\t\t[\/vc_column][\/vc_row][vc_row woodmart_bg_position=&raquo;left-bottom&raquo; responsive_tabs=&raquo;mobile&raquo; css=&raquo;.vc_custom_1695472116559{padding-top: 200px !important;padding-bottom: 150px !important;background-image: url(https:\/\/www.gseentreprise.com\/wp-content\/uploads\/2023\/09\/SERVICE-MATCH-AGENT-FIFA-15.jpg?id=486) !important;background-position: center !important;background-repeat: no-repeat !important;background-size: cover !important;}&raquo; woodmart_css_id=&raquo;650ed9e65eaf5&#8243; responsive_spacing=&raquo;eyJwYXJhbV90eXBlIjoid29vZG1hcnRfcmVzcG9uc2l2ZV9zcGFjaW5nIiwic2VsZWN0b3JfaWQiOiI2NTBlZDllNjVlYWY1Iiwic2hvcnRjb2RlIjoidmNfcm93IiwiZGF0YSI6eyJ0YWJsZXQiOnt9LCJtb2JpbGUiOnt9fX0=&raquo; mobile_bg_img_hidden=&raquo;no&raquo; tablet_bg_img_hidden=&raquo;no&raquo; woodmart_parallax=&raquo;0&#8243; woodmart_gradient_switch=&raquo;no&raquo; woodmart_box_shadow=&raquo;no&raquo; wd_z_index=&raquo;no&raquo; woodmart_disable_overflow=&raquo;0&#8243; row_reverse_mobile=&raquo;0&#8243; row_reverse_tablet=&raquo;0&#8243;][vc_column][\/vc_column][\/vc_row][vc_row][vc_column]\n\t\t<div id=\"wd-675318c7e4925\" class=\"title-wrapper wd-wpb set-mb-s reset-last-child  wd-rs-675318c7e4925 wd-title-color-default wd-title-style-default text-left vc_custom_1733499092768 wd-title-empty wd-underline-colored\">\n\t\t\t\t\t\t\t<div class=\"title-subtitle  subtitle-color-default font-default subtitle-style-default wd-font-weight- wd-fontsize-xs\">Innholdet i Fotballpakken<\/div>\n\t\t\t\n\t\t\t<div class=\"liner-continer\">\n\t\t\t\t<h4 class=\"woodmart-title-container title  wd-font-weight- wd-fontsize-l\" ><\/h4>\n\t\t\t\t\t\t\t<\/div>\n\t\t\t\n\t\t\t\n\t\t\t\n\t\t<\/div>\n\t\t\n\t\t\t\t<div id=\"wd-675318db1f25c\" class=\"wd-text-block wd-wpb reset-last-child wd-rs-675318db1f25c text-left \">\n\t\t\t<ul>\n<li>Trening p\u00e5 fotballbaner som oppfyller FIFA s standarder<\/li>\n<li>Vask og t\u00f8rking av sportskl\u00e6r to ganger daglig<\/li>\n<li>Overnatting med alt inkludert<\/li>\n<li>gratis busstransport til fotballbanene<\/li>\n<li>Ubegrenset vann-Te-Kaffe og drikke p\u00e5 fotballbanene<\/li>\n<li>Vennskapkamper i treningstiden eller med kamprogram<\/li>\n<li>Massasjerom og utstyr<\/li>\n<li>Bruk av m\u00f8terommet<\/li>\n<li>En egen seksjon i den lagspesfikke restauranten<\/li>\n<li>Overnatting av laget i samme etasje med forbehold om tilgjengelighet.<\/li>\n<li>S\u00f8ml\u00f8s Flyplasstransport Fra Flyplass-Hotell-Flyplass<\/li>\n<li>Mulighet for gratis overgang til et rom med havutsikt for kllubb president og treneren<\/li>\n<li>Bruk av innend\u00f8s sv\u00f8mmebasseng sauna<\/li>\n<li>7 dager \/24 timers tjenester<\/li>\n<li>Treningsutstyr-Treningsvest-treningsstige-treningsballer-treningstraktb<\/li>\n<li>Trening slal\u00e5m stav koordinasjonssirkel<\/li>\n<li>4x gressbaner i idrettsanlegget<\/li>\n<li>1xtreningsbane i Hotellkomplekset<\/li>\n<li>Gardrerober-Dusjer<\/li>\n<li>Inkludert oppl\u00e6ringsmateriell<\/li>\n<\/ul>\n<p>V\u00e5rt Firma venter p\u00e5 deg for din bestilling.Vi lever Fotball og forener spillerne.Vi st\u00e5r til din disposisjon 24 Timer\/7 dager<\/p>\n<p>Mr Lakhdar Boussakra<br \/>\nFifa Kampagent<\/p>\n\t\t<\/div>\n\t\t[\/vc_column][\/vc_row][vc_row][vc_column width=&raquo;2\/3&#8243;][vc_video link=&raquo;https:\/\/www.youtube.com\/watch?v=J7AjJeBrfJU&amp;t=1s&raquo; woodmart_css_id=&raquo;66f2ce8875b2b&raquo; image_poster_switch=&raquo;no&raquo;][\/vc_column][vc_column width=&raquo;1\/6&#8243;][\/vc_column][vc_column width=&raquo;1\/6&#8243;][\/vc_column][\/vc_row]<\/p>\n<\/div>","protected":false},"excerpt":{"rendered":"<p>[vc_row][vc_column][vc_row_inner responsive_tabs_advanced=&raquo;mobile&raquo; woodmart_css_id=&raquo;650dcc8a30dd0&#8243; responsive_spacing=&raquo;eyJwYXJhbV90eXBlIjoid29vZG1hcnRfcmVzcG9uc2l2ZV9zcGFjaW5nIiwic2VsZWN0b3JfaWQiOiI2NTBkY2M4YTMwZGQwIiwic2hvcnRjb2RlIjoidmNfcm93X2lubmVyIiwiZGF0YSI6eyJ0YWJsZXQiOnt9LCJtb2JpbGUiOnt9fX0=&raquo; mobile_bg_img_hidden=&raquo;no&raquo; tablet_bg_img_hidden=&raquo;no&raquo; woodmart_parallax=&raquo;0&#8243; woodmart_gradient_switch=&raquo;no&raquo; woodmart_box_shadow=&raquo;no&raquo; wd_z_index=&raquo;no&raquo; woodmart_disable_overflow=&raquo;0&#8243; row_reverse_mobile=&raquo;0&#8243; row_reverse_tablet=&raquo;0&#8243;][vc_column_inner width=&raquo;1\/2&#8243;][vc_single_image image=&raquo;475&#8243; img_size=&raquo;full&raquo; parallax_scroll=&raquo;no&raquo; woodmart_inline=&raquo;no&raquo; css=&raquo;.vc_custom_1695401991864{margin-bottom: 10px<\/p>\n","protected":false},"author":1,"featured_media":0,"parent":0,"menu_order":0,"comment_status":"closed","ping_status":"closed","template":"","meta":{"footnotes":""},"class_list":["post-2263","page","type-page","status-publish","hentry"],"_links":{"self":[{"href":"https:\/\/www.gseentreprise.com\/no\/wp-json\/wp\/v2\/pages\/2263","targetHints":{"allow":["GET"]}}],"collection":[{"href":"https:\/\/www.gseentreprise.com\/no\/wp-json\/wp\/v2\/pages"}],"about":[{"href":"https:\/\/www.gseentreprise.com\/no\/wp-json\/wp\/v2\/types\/page"}],"author":[{"embeddable":true,"href":"https:\/\/www.gseentreprise.com\/no\/wp-json\/wp\/v2\/users\/1"}],"replies":[{"embeddable":true,"href":"https:\/\/www.gseentreprise.com\/no\/wp-json\/wp\/v2\/comments?post=2263"}],"version-history":[{"count":5,"href":"https:\/\/www.gseentreprise.com\/no\/wp-json\/wp\/v2\/pages\/2263\/revisions"}],"predecessor-version":[{"id":2428,"href":"https:\/\/www.gseentreprise.com\/no\/wp-json\/wp\/v2\/pages\/2263\/revisions\/2428"}],"wp:attachment":[{"href":"https:\/\/www.gseentreprise.com\/no\/wp-json\/wp\/v2\/media?parent=2263"}],"curies":[{"name":"wp","href":"https:\/\/api.w.org\/{rel}","templated":true}]}}