{"id":2265,"date":"2023-09-21T12:47:17","date_gmt":"2023-09-21T12:47:17","guid":{"rendered":"https:\/\/www.gseentreprise.com\/?page_id=2265"},"modified":"2024-12-06T15:43:57","modified_gmt":"2024-12-06T15:43:57","slug":"speiding-og-rekruttering","status":"publish","type":"page","link":"https:\/\/www.gseentreprise.com\/no\/speiding-og-rekruttering\/","title":{"rendered":"Speiding og rekruttering"},"content":{"rendered":"<div class=\"wpb-content-wrapper\"><p>[vc_row gap=&raquo;20&#8243; responsive_tabs_advanced=&raquo;mobile&raquo; woodmart_css_id=&raquo;650eefea6124e&raquo; responsive_spacing=&raquo;eyJwYXJhbV90eXBlIjoid29vZG1hcnRfcmVzcG9uc2l2ZV9zcGFjaW5nIiwic2VsZWN0b3JfaWQiOiI2NTBlZWZlYTYxMjRlIiwic2hvcnRjb2RlIjoidmNfcm93IiwiZGF0YSI6eyJ0YWJsZXQiOnt9LCJtb2JpbGUiOnt9fX0=&raquo; mobile_bg_img_hidden=&raquo;no&raquo; tablet_bg_img_hidden=&raquo;no&raquo; woodmart_parallax=&raquo;0&#8243; woodmart_gradient_switch=&raquo;no&raquo; woodmart_box_shadow=&raquo;no&raquo; wd_z_index=&raquo;no&raquo; woodmart_disable_overflow=&raquo;0&#8243; row_reverse_mobile=&raquo;1&#8243; row_reverse_tablet=&raquo;0&#8243;][vc_column width=&raquo;1\/2&#8243;]\t\t\t<link rel=\"stylesheet\" id=\"wd-text-block-css\" href=\"https:\/\/www.gseentreprise.com\/wp-content\/themes\/woodmart\/css\/parts\/el-text-block.min.css?ver=7.3.0\" type=\"text\/css\" media=\"all\" \/> \t\t\t\t\t<div id=\"wd-67531b25d2ee9\" class=\"wd-text-block wd-wpb reset-last-child wd-rs-67531b25d2ee9 text-left \">\n\t\t\t<p>Speiding er det f\u00f8rstetrinner for \u00e5 oppdage framtidens beste idrettsutc\u00f8vere gjennom konkurranser<\/p>\n<p>Ungdom som beholdes etter oppdagelse vi folge et prosjektprogram med delskapet som f\u00f8lger:<\/p>\n<p><strong>START P\u00c5 PROSJEKTET:<\/strong> F\u00f8rste m\u00f8te -Utveksling og definisjoner av m\u00e5lene til begge pater<br \/>\n<strong>ANALYSE :<\/strong>Studieav selskapets gjennomf\u00f8rbarthet av prosjekt om sports og markedsf\u00f8ringsjuridiske aspekter<br \/>\n<strong>FORSLAG:<\/strong> Signering av en idrettskonsulentyontrakt eller en karrierestyringskontrakt<br \/>\n<strong>VALORISERING:<\/strong> Forbedring av spillerens menneskelige og attraktive sportslige evner<br \/>\n<strong>OVERF\u00d8RING:<\/strong> R\u00e5d og veiledning mot klubber i spillerens og hans fremtidsM\u00c5L-interesse<br \/>\n<strong>OPPF\u00d8LGING:<\/strong> Forventning av f\u00f8lgende stadier i utviklingen og forventning om f\u00f8lgende karrierem\u00e5l i utviklingen og oppn\u00e5else av de tidligere definerte karrierem\u00e5lene<\/p>\n\t\t<\/div>\n\t\t[\/vc_column][vc_column width=&raquo;1\/2&#8243;][vc_single_image image=&raquo;495&#8243; img_size=&raquo;full&raquo; parallax_scroll=&raquo;no&raquo; woodmart_inline=&raquo;no&raquo;][\/vc_column][\/vc_row][vc_row gap=&raquo;20&#8243; content_placement=&raquo;middle&raquo; css=&raquo;.vc_custom_1695477663651{margin-top: 50px !important;}&raquo; woodmart_css_id=&raquo;650eef95ab91a&raquo; responsive_spacing=&raquo;eyJwYXJhbV90eXBlIjoid29vZG1hcnRfcmVzcG9uc2l2ZV9zcGFjaW5nIiwic2VsZWN0b3JfaWQiOiI2NTBlZWY5NWFiOTFhIiwic2hvcnRjb2RlIjoidmNfcm93IiwiZGF0YSI6eyJ0YWJsZXQiOnt9LCJtb2JpbGUiOnt9fX0=&raquo; mobile_bg_img_hidden=&raquo;no&raquo; tablet_bg_img_hidden=&raquo;no&raquo; woodmart_parallax=&raquo;0&#8243; woodmart_gradient_switch=&raquo;no&raquo; woodmart_box_shadow=&raquo;no&raquo; wd_z_index=&raquo;no&raquo; woodmart_disable_overflow=&raquo;0&#8243; row_reverse_mobile=&raquo;0&#8243; row_reverse_tablet=&raquo;0&#8243;][vc_column width=&raquo;1\/2&#8243;][vc_single_image image=&raquo;497&#8243; img_size=&raquo;full&raquo; parallax_scroll=&raquo;no&raquo; woodmart_inline=&raquo;no&raquo;][\/vc_column][vc_column width=&raquo;1\/2&#8243;]\t\t<div id=\"wd-67531b5e7316e\" class=\"wd-text-block wd-wpb reset-last-child wd-rs-67531b5e7316e text-left \">\n\t\t\t<p>Hvert \u00e5r v\u00e5rt firma arrangere en oppdagelsesdag fot \u00e5 rekruttere de beste talentene som kan pr\u00f8ve lykken for en profesjonell harriere in Norge eller i Utlandet.<\/p>\n\t\t<\/div>\n\t\t[\/vc_column][\/vc_row][vc_row gap=&raquo;20&#8243; responsive_tabs_advanced=&raquo;mobile&raquo; css=&raquo;.vc_custom_1695477803151{margin-top: 50px !important;}&raquo; woodmart_css_id=&raquo;650ef02305803&#8243; responsive_spacing=&raquo;eyJwYXJhbV90eXBlIjoid29vZG1hcnRfcmVzcG9uc2l2ZV9zcGFjaW5nIiwic2VsZWN0b3JfaWQiOiI2NTBlZjAyMzA1ODAzIiwic2hvcnRjb2RlIjoidmNfcm93IiwiZGF0YSI6eyJ0YWJsZXQiOnt9LCJtb2JpbGUiOnt9fX0=&raquo; mobile_bg_img_hidden=&raquo;no&raquo; tablet_bg_img_hidden=&raquo;no&raquo; woodmart_parallax=&raquo;0&#8243; woodmart_gradient_switch=&raquo;no&raquo; woodmart_box_shadow=&raquo;no&raquo; wd_z_index=&raquo;no&raquo; woodmart_disable_overflow=&raquo;0&#8243; row_reverse_mobile=&raquo;1&#8243; row_reverse_tablet=&raquo;0&#8243;][vc_column width=&raquo;1\/2&#8243;]\t\t\t<link rel=\"stylesheet\" id=\"wd-section-title-css\" href=\"https:\/\/www.gseentreprise.com\/wp-content\/themes\/woodmart\/css\/parts\/el-section-title.min.css?ver=7.3.0\" type=\"text\/css\" media=\"all\" \/> \t\t\t\t\t\t<link rel=\"stylesheet\" id=\"wd-section-title-style-simple-and-brd-css\" href=\"https:\/\/www.gseentreprise.com\/wp-content\/themes\/woodmart\/css\/parts\/el-section-title-style-simple-and-brd.min.css?ver=7.3.0\" type=\"text\/css\" media=\"all\" \/> \t\t\t\t\t\t<link rel=\"stylesheet\" id=\"wd-mod-highlighted-text-css\" href=\"https:\/\/www.gseentreprise.com\/wp-content\/themes\/woodmart\/css\/parts\/mod-highlighted-text.min.css?ver=7.3.0\" type=\"text\/css\" media=\"all\" \/> \t\t\t\n\t\t<div id=\"wd-67531b8112c3f\" class=\"title-wrapper wd-wpb set-mb-s reset-last-child  wd-rs-67531b8112c3f wd-title-color-primary wd-title-style-simple text-left  wd-underline-colored\">\n\t\t\t\n\t\t\t<div class=\"liner-continer\">\n\t\t\t\t<h4 class=\"woodmart-title-container title  wd-font-weight- wd-fontsize-l\" >Talentdeksjonsstruktur<\/h4>\n\t\t\t\t\t\t\t<\/div>\n\t\t\t\n\t\t\t\n\t\t\t\n\t\t<\/div>\n\t\t\n\t\t\t\t<div id=\"wd-67531b8cdc87e\" class=\"wd-text-block wd-wpb reset-last-child wd-rs-67531b8cdc87e text-left \">\n\t\t\t<p>Selskaper GSEEFM oppdager mordendagens talenter for \u00e5 investere fremtidens menneskelige kapital og sikre sin lojalitet.D\u00f8ren er \u00e5pen for alle unge som \u00f8nsker \u00e5 realisere dr\u00f8mmene sine<\/p>\n<p>FIFA Spilleragent<br \/>\nHerr Lakhdar Boussakra<br \/>\nV\u00e5rt firma oppmuntrer all unge som \u00f8nsker \u00e5 sille fotball og gj\u00f8re dr\u00f8mmene sine til virkelighet<br \/>\nKom og oplev Fotball<\/p>\n<p>V\u00e5rt firma skal forene unge i Foptballrunden ikke b\u00f8l og ta motet<br \/>\nSjansene er like for alle<\/p>\n\t\t<\/div>\n\t\t[\/vc_column][vc_column width=&raquo;1\/2&#8243;][vc_single_image image=&raquo;494&#8243; img_size=&raquo;full&raquo; parallax_scroll=&raquo;no&raquo; woodmart_inline=&raquo;no&raquo;][\/vc_column][\/vc_row]<\/p>\n<\/div>","protected":false},"excerpt":{"rendered":"<p>[vc_row gap=&raquo;20&#8243; responsive_tabs_advanced=&raquo;mobile&raquo; woodmart_css_id=&raquo;650eefea6124e&raquo; responsive_spacing=&raquo;eyJwYXJhbV90eXBlIjoid29vZG1hcnRfcmVzcG9uc2l2ZV9zcGFjaW5nIiwic2VsZWN0b3JfaWQiOiI2NTBlZWZlYTYxMjRlIiwic2hvcnRjb2RlIjoidmNfcm93IiwiZGF0YSI6eyJ0YWJsZXQiOnt9LCJtb2JpbGUiOnt9fX0=&raquo; mobile_bg_img_hidden=&raquo;no&raquo; tablet_bg_img_hidden=&raquo;no&raquo; woodmart_parallax=&raquo;0&#8243; woodmart_gradient_switch=&raquo;no&raquo; woodmart_box_shadow=&raquo;no&raquo; wd_z_index=&raquo;no&raquo; woodmart_disable_overflow=&raquo;0&#8243; row_reverse_mobile=&raquo;1&#8243; row_reverse_tablet=&raquo;0&#8243;][vc_column width=&raquo;1\/2&#8243;][\/vc_column][vc_column width=&raquo;1\/2&#8243;][vc_single_image image=&raquo;495&#8243; img_size=&raquo;full&raquo; parallax_scroll=&raquo;no&raquo; woodmart_inline=&raquo;no&raquo;][\/vc_column][\/vc_row][vc_row<\/p>\n","protected":false},"author":1,"featured_media":0,"parent":0,"menu_order":0,"comment_status":"closed","ping_status":"closed","template":"","meta":{"footnotes":""},"class_list":["post-2265","page","type-page","status-publish","hentry"],"_links":{"self":[{"href":"https:\/\/www.gseentreprise.com\/no\/wp-json\/wp\/v2\/pages\/2265","targetHints":{"allow":["GET"]}}],"collection":[{"href":"https:\/\/www.gseentreprise.com\/no\/wp-json\/wp\/v2\/pages"}],"about":[{"href":"https:\/\/www.gseentreprise.com\/no\/wp-json\/wp\/v2\/types\/page"}],"author":[{"embeddable":true,"href":"https:\/\/www.gseentreprise.com\/no\/wp-json\/wp\/v2\/users\/1"}],"replies":[{"embeddable":true,"href":"https:\/\/www.gseentreprise.com\/no\/wp-json\/wp\/v2\/comments?post=2265"}],"version-history":[{"count":3,"href":"https:\/\/www.gseentreprise.com\/no\/wp-json\/wp\/v2\/pages\/2265\/revisions"}],"predecessor-version":[{"id":2274,"href":"https:\/\/www.gseentreprise.com\/no\/wp-json\/wp\/v2\/pages\/2265\/revisions\/2274"}],"wp:attachment":[{"href":"https:\/\/www.gseentreprise.com\/no\/wp-json\/wp\/v2\/media?parent=2265"}],"curies":[{"name":"wp","href":"https:\/\/api.w.org\/{rel}","templated":true}]}}