{"id":2267,"date":"2023-10-21T17:42:05","date_gmt":"2023-10-21T17:42:05","guid":{"rendered":"https:\/\/www.gseentreprise.com\/?page_id=2267"},"modified":"2024-12-06T15:58:22","modified_gmt":"2024-12-06T15:58:22","slug":"oppdagelse-av-unge-talenter","status":"publish","type":"page","link":"https:\/\/www.gseentreprise.com\/no\/oppdagelse-av-unge-talenter\/","title":{"rendered":"Oppdagelse av unge talenter"},"content":{"rendered":"<div class=\"wpb-content-wrapper\"><p>[vc_row][vc_column][vc_row_inner][vc_column_inner width=&raquo;2\/3&#8243;]\t\t\t<link rel=\"stylesheet\" id=\"wd-section-title-css\" href=\"https:\/\/www.gseentreprise.com\/wp-content\/themes\/woodmart\/css\/parts\/el-section-title.min.css?ver=7.3.0\" type=\"text\/css\" media=\"all\" \/> \t\t\t\t\t\t<link rel=\"stylesheet\" id=\"wd-section-title-style-simple-and-brd-css\" href=\"https:\/\/www.gseentreprise.com\/wp-content\/themes\/woodmart\/css\/parts\/el-section-title-style-simple-and-brd.min.css?ver=7.3.0\" type=\"text\/css\" media=\"all\" \/> \t\t\t\t\t\t<link rel=\"stylesheet\" id=\"wd-mod-highlighted-text-css\" href=\"https:\/\/www.gseentreprise.com\/wp-content\/themes\/woodmart\/css\/parts\/mod-highlighted-text.min.css?ver=7.3.0\" type=\"text\/css\" media=\"all\" \/> \t\t\t\n\t\t<div id=\"wd-67531cd2ddfd8\" class=\"title-wrapper wd-wpb set-mb-s reset-last-child  wd-rs-67531cd2ddfd8 wd-title-color-primary wd-title-style-simple text-left  wd-underline-colored\">\n\t\t\t\n\t\t\t<div class=\"liner-continer\">\n\t\t\t\t<h2 class=\"woodmart-title-container title  wd-font-weight- wd-fontsize-l\" >Oppdagelse av unge spiller<\/h2>\n\t\t\t\t\t\t\t<\/div>\n\t\t\t\n\t\t\t\n\t\t\t\n\t\t<\/div>\n\t\t\n\t\t\t\t\t<link rel=\"stylesheet\" id=\"wd-text-block-css\" href=\"https:\/\/www.gseentreprise.com\/wp-content\/themes\/woodmart\/css\/parts\/el-text-block.min.css?ver=7.3.0\" type=\"text\/css\" media=\"all\" \/> \t\t\t\t\t<div id=\"wd-67531ce228064\" class=\"wd-text-block wd-wpb reset-last-child wd-rs-67531ce228064 text-left \">\n\t\t\t<p>Oppdagelse av talenter i amat\u00f8rfotball<\/p>\n<p>V\u00e5rt m\u00e5l med GSEEFM selskapet er \u00e5 skape like muligheter til \u00e5 spille fotball for \u00e5 hjelpe unge spillere med \u00e5 sine m\u00e5l om \u00e5 bli profesjonelle i Norge og i utlandet.<\/p>\n<p>Pr\u00f8ve i Norge du er ung og talentfull du har alltid dr\u00f8mt om \u00e5 spille fotball som profesjonell<br \/>\nS\u00e5 ikke vent lenger.Kom og delta p\u00e5 pr\u00f8vene p\u00e5 GSEEFM som vil finne de talentfulle .<\/p>\n<p>GSEEFM vil gi deg muliogheten til \u00e5 gj\u00f8re dr\u00f8mmen din til virkelighet dteksjon for \u00e5 identifisere talent vil bli gj\u00f8rt via konkuranser<\/p>\n\t\t<\/div>\n\t\t[\/vc_column_inner][vc_column_inner width=&raquo;1\/3&#8243;]\t\t\t<link rel=\"stylesheet\" id=\"wd-photoswipe-css\" href=\"https:\/\/www.gseentreprise.com\/wp-content\/themes\/woodmart\/css\/parts\/lib-photoswipe.min.css?ver=7.3.0\" type=\"text\/css\" media=\"all\" \/> \t\t\t\t\t\t<link rel=\"stylesheet\" id=\"wd-image-gallery-css\" href=\"https:\/\/www.gseentreprise.com\/wp-content\/themes\/woodmart\/css\/parts\/el-gallery.min.css?ver=7.3.0\" type=\"text\/css\" media=\"all\" \/> \t\t\t\t\t<div id=\"gallery_859\" class=\"wd-images-gallery wd-rs-65ce3493d1246 wd-justify-center wd-items-middle view-masonry photoswipe-images\" >\n\t\t\t<div class=\"gallery-images row wd-spacing-20\">\n\t\t\t\t\t\t\t\t\t\t\t\t\t\t\t<div class=\"wd-gallery-item col-lg-12 col-md-12 col-sm-12 col-12\">\n\t\t\t\t\t\t\t\t\t\t\t\t\t\t<a href=\"https:\/\/www.gseentreprise.com\/wp-content\/uploads\/2024\/02\/FIFASPORT-1.jpg\" data-elementor-open-lightbox=\"no\" data-index=\"1\" data-width=\"309\" data-height=\"163\"  >\n\t\t\t\t\t\t\t\t\n\t\t\t\t\t\t\t\t<img loading=\"lazy\" decoding=\"async\" width=\"309\" height=\"163\" src=\"https:\/\/www.gseentreprise.com\/wp-content\/uploads\/2024\/02\/FIFASPORT-1.jpg\" class=\"wd-gallery-image image-1\" alt=\"\" srcset=\"https:\/\/www.gseentreprise.com\/wp-content\/uploads\/2024\/02\/FIFASPORT-1.jpg 309w, https:\/\/www.gseentreprise.com\/wp-content\/uploads\/2024\/02\/FIFASPORT-1-300x158.jpg 300w\" sizes=\"auto, (max-width: 309px) 100vw, 309px\" \/>\n\t\t\t\t\t\t\t\t\t\t\t\t\t\t\t<\/a>\n\t\t\t\t\t\t\t\t\t\t\t\t<\/div>\n\t\t\t\t\t\t\t\t\t\t\t<div class=\"wd-gallery-item col-lg-12 col-md-12 col-sm-12 col-12\">\n\t\t\t\t\t\t\t\t\t\t\t\t\t\t<a href=\"https:\/\/www.gseentreprise.com\/wp-content\/uploads\/2024\/02\/FIFASPORT-2.jpg\" data-elementor-open-lightbox=\"no\" data-index=\"2\" data-width=\"318\" data-height=\"159\"  >\n\t\t\t\t\t\t\t\t\n\t\t\t\t\t\t\t\t<img loading=\"lazy\" decoding=\"async\" width=\"318\" height=\"159\" src=\"https:\/\/www.gseentreprise.com\/wp-content\/uploads\/2024\/02\/FIFASPORT-2.jpg\" class=\"wd-gallery-image image-2\" alt=\"\" srcset=\"https:\/\/www.gseentreprise.com\/wp-content\/uploads\/2024\/02\/FIFASPORT-2.jpg 318w, https:\/\/www.gseentreprise.com\/wp-content\/uploads\/2024\/02\/FIFASPORT-2-300x150.jpg 300w\" sizes=\"auto, (max-width: 318px) 100vw, 318px\" \/>\n\t\t\t\t\t\t\t\t\t\t\t\t\t\t\t<\/a>\n\t\t\t\t\t\t\t\t\t\t\t\t<\/div>\n\t\t\t\t\t\t\t\t\t\t\t\t<\/div>\n\t\t<\/div>\n\t\t\t\t[\/vc_column_inner][\/vc_row_inner][\/vc_column][\/vc_row][vc_row woodmart_css_id=&raquo;6534498dc8c7b&raquo; responsive_spacing=&raquo;eyJwYXJhbV90eXBlIjoid29vZG1hcnRfcmVzcG9uc2l2ZV9zcGFjaW5nIiwic2VsZWN0b3JfaWQiOiI2NTM0NDk4ZGM4YzdiIiwic2hvcnRjb2RlIjoidmNfcm93IiwiZGF0YSI6eyJ0YWJsZXQiOnt9LCJtb2JpbGUiOnt9fX0=&raquo; mobile_bg_img_hidden=&raquo;no&raquo; tablet_bg_img_hidden=&raquo;no&raquo; woodmart_parallax=&raquo;0&#8243; woodmart_gradient_switch=&raquo;no&raquo; woodmart_box_shadow=&raquo;no&raquo; wd_z_index=&raquo;no&raquo; woodmart_disable_overflow=&raquo;0&#8243; row_reverse_mobile=&raquo;0&#8243; row_reverse_tablet=&raquo;0&#8243; css=&raquo;.vc_custom_1697925526849{margin-top: 50px !important;}&raquo;][vc_column]\n\t\t<div id=\"wd-67531d16477e0\" class=\"title-wrapper wd-wpb set-mb-s reset-last-child  wd-rs-67531d16477e0 wd-title-color-primary wd-title-style-simple text-left  wd-underline-colored\">\n\t\t\t\n\t\t\t<div class=\"liner-continer\">\n\t\t\t\t<h2 class=\"woodmart-title-container title  wd-font-weight- wd-fontsize-l\" >Profesjonell deteksjon<\/h2>\n\t\t\t\t\t\t\t<\/div>\n\t\t\t\n\t\t\t\n\t\t\t\n\t\t<\/div>\n\t\t\n\t\t[vc_row_inner][vc_column_inner width=&raquo;1\/2&#8243;]\t\t<div id=\"wd-67531d22d5b37\" class=\"wd-text-block wd-wpb reset-last-child wd-rs-67531d22d5b37 text-left \">\n\t\t\t<p>Deteksjonskonsepter er enkelt og profesjonelt.Viser fotball men mann ,<br \/>\nDenne ideen om \u00e5 bringe sammen unge spillere p\u00e5 samme sted for \u00e5 la dem vise seg i \u00f8ynene til profesjonelle.<\/p>\n<p>Klubber,spillerne er valgt ut i henhold til presise kriterier<\/p>\n<ul>\n<li>Spiller p\u00e5 distrktsniv\u00e5<\/li>\n<li>Profil studert av personalet<\/li>\n<li>Uten Klubb,profil studert av v\u00e5rt selskap GSEEFM<\/li>\n<\/ul>\n\t\t<\/div>\n\t\t[\/vc_column_inner][vc_column_inner width=&raquo;1\/2&#8243;][vc_single_image image=&raquo;571&#8243; img_size=&raquo;full&raquo; parallax_scroll=&raquo;no&raquo; woodmart_inline=&raquo;no&raquo;][\/vc_column_inner][\/vc_row_inner]\t\t<div id=\"wd-67531e19e21f7\" class=\"wd-text-block wd-wpb reset-last-child wd-rs-67531e19e21f7 text-left \">\n\t\t\t<p>GSEEFM er forpliktet til \u00e5 bringe det beste fra v\u00e5r ekspertise for \u00e5 komme videre sammen.Vi st\u00f8tter hver soiller gjeeom hele karrieren<\/p>\n<p>Kom og pr\u00f8v lykken .GSEEFM vil \u00f8nske deg velkommen n\u00e5r som helst.<\/p>\n\t\t<\/div>\n\t\t[\/vc_column][\/vc_row][vc_row css=&raquo;.vc_custom_1697925480435{margin-top: 30px !important;}&raquo; woodmart_css_id=&raquo;6534494676174&#8243; responsive_spacing=&raquo;eyJwYXJhbV90eXBlIjoid29vZG1hcnRfcmVzcG9uc2l2ZV9zcGFjaW5nIiwic2VsZWN0b3JfaWQiOiI2NTM0NDk0Njc2MTc0Iiwic2hvcnRjb2RlIjoidmNfcm93IiwiZGF0YSI6eyJ0YWJsZXQiOnt9LCJtb2JpbGUiOnt9fX0=&raquo; mobile_bg_img_hidden=&raquo;no&raquo; tablet_bg_img_hidden=&raquo;no&raquo; woodmart_parallax=&raquo;0&#8243; woodmart_gradient_switch=&raquo;no&raquo; woodmart_box_shadow=&raquo;no&raquo; wd_z_index=&raquo;no&raquo; woodmart_disable_overflow=&raquo;0&#8243; row_reverse_mobile=&raquo;0&#8243; row_reverse_tablet=&raquo;0&#8243;][vc_column]\n\t\t<div id=\"wd-67531e27a3e14\" class=\"title-wrapper wd-wpb set-mb-s reset-last-child  wd-rs-67531e27a3e14 wd-title-color-primary wd-title-style-simple text-left  wd-underline-colored\">\n\t\t\t\n\t\t\t<div class=\"liner-continer\">\n\t\t\t\t<h2 class=\"woodmart-title-container title  wd-font-weight- wd-fontsize-l\" >Talentidentifikasjon<\/h2>\n\t\t\t\t\t\t\t<\/div>\n\t\t\t\n\t\t\t\n\t\t\t\n\t\t<\/div>\n\t\t\n\t\t[vc_row_inner content_placement=&raquo;bottom&raquo; woodmart_css_id=&raquo;653443758812b&raquo; responsive_spacing=&raquo;eyJwYXJhbV90eXBlIjoid29vZG1hcnRfcmVzcG9uc2l2ZV9zcGFjaW5nIiwic2VsZWN0b3JfaWQiOiI2NTM0NDM3NTg4MTJiIiwic2hvcnRjb2RlIjoidmNfcm93X2lubmVyIiwiZGF0YSI6eyJ0YWJsZXQiOnt9LCJtb2JpbGUiOnt9fX0=&raquo; mobile_bg_img_hidden=&raquo;no&raquo; tablet_bg_img_hidden=&raquo;no&raquo; woodmart_parallax=&raquo;0&#8243; woodmart_gradient_switch=&raquo;no&raquo; woodmart_box_shadow=&raquo;no&raquo; wd_z_index=&raquo;no&raquo; woodmart_disable_overflow=&raquo;0&#8243; row_reverse_mobile=&raquo;0&#8243; row_reverse_tablet=&raquo;0&#8243;][vc_column_inner width=&raquo;1\/2&#8243;]\t\t<div id=\"wd-67531e3349bee\" class=\"wd-text-block wd-wpb reset-last-child wd-rs-67531e3349bee text-left \">\n\t\t\t<p>For \u00e5 bidra til vekst og utvikling av fotball er det viktig \u00e5 hele tiden tilby unge mennrsker muligheten til \u00e5spille,trene og utvikle en lidenskap for fotball i alle kategorier,<\/p>\n<p>Gi all unge spillere en sjanse<\/p>\n<p>Implemenrere et omfattendre program for grasrotfotball<\/p>\n<p>Organiser konkuranser for spillere i hver kategori<\/p>\n<p>Talentfulle unge fotballspillere m\u00e5\u00e5 dra nytte av all mulige muligheter vi m\u00e5 utvikle talenter p\u00e5 lang sikt de tillater fremveksten identifikasjon og trening av unge mennesker p\u00e5 alle niv\u00e5er i fotballpyramidenden program pilotert av selskapet v\u00e5rt st\u00f8tter barn fra 6 \u00e5r la hver ung person blomstre b\u00e5de akademisk og idrett.<\/p>\n\t\t<\/div>\n\t\t[\/vc_column_inner][vc_column_inner width=&raquo;1\/2&#8243;][vc_single_image image=&raquo;573&#8243; img_size=&raquo;full&raquo; parallax_scroll=&raquo;no&raquo; woodmart_inline=&raquo;no&raquo;][\/vc_column_inner][\/vc_row_inner][vc_row_inner][vc_column_inner width=&raquo;1\/2&#8243;]\t\t<div id=\"wd-67531ec2a6652\" class=\"wd-text-block wd-wpb reset-last-child wd-rs-67531ec2a6652 text-left \">\n\t\t\t<p>Vi har tre sterke akser:<\/p>\n<p>Oppdag: N\u00f8yaktig identifisering av unge talenter<br \/>\n\u00c5 lede unge talenter er veivisere mot strukturer<br \/>\nSt\u00f8tte overv\u00e5king av unge mennesker for \u00e5 lykkes p\u00e5 et h\u00f8yt niv\u00e5<br \/>\nVelkommen til \u00e5 gj\u00f8re dr\u00f8mmen din til virkelighet<br \/>\nKomog pr\u00f8v lykken.Benytt deg av denne muligheten av denne anledningen<\/p>\n<p>Grunnleggeren<\/p>\n<p>Mr Lakhdar Boussakra<\/p>\n<p>Fifa Spilleragent<br \/>\nFifa Spilleragent<\/p>\n<p>Vi er forent av fotball<\/p>\n\t\t<\/div>\n\t\t[\/vc_column_inner][vc_column_inner width=&raquo;1\/2&#8243;][vc_single_image image=&raquo;574&#8243; img_size=&raquo;full&raquo; parallax_scroll=&raquo;no&raquo; woodmart_inline=&raquo;no&raquo;][\/vc_column_inner][\/vc_row_inner][\/vc_column][\/vc_row]<\/p>\n<\/div>","protected":false},"excerpt":{"rendered":"<p>[vc_row][vc_column][vc_row_inner][vc_column_inner width=&raquo;2\/3&#8243;][\/vc_column_inner][vc_column_inner width=&raquo;1\/3&#8243;][\/vc_column_inner][\/vc_row_inner][\/vc_column][\/vc_row][vc_row woodmart_css_id=&raquo;6534498dc8c7b&raquo; responsive_spacing=&raquo;eyJwYXJhbV90eXBlIjoid29vZG1hcnRfcmVzcG9uc2l2ZV9zcGFjaW5nIiwic2VsZWN0b3JfaWQiOiI2NTM0NDk4ZGM4YzdiIiwic2hvcnRjb2RlIjoidmNfcm93IiwiZGF0YSI6eyJ0YWJsZXQiOnt9LCJtb2JpbGUiOnt9fX0=&raquo; mobile_bg_img_hidden=&raquo;no&raquo; tablet_bg_img_hidden=&raquo;no&raquo; woodmart_parallax=&raquo;0&#8243; woodmart_gradient_switch=&raquo;no&raquo; woodmart_box_shadow=&raquo;no&raquo; wd_z_index=&raquo;no&raquo; woodmart_disable_overflow=&raquo;0&#8243; row_reverse_mobile=&raquo;0&#8243; row_reverse_tablet=&raquo;0&#8243; css=&raquo;.vc_custom_1697925526849{margin-top: 50px !important;}&raquo;][vc_column][vc_row_inner][vc_column_inner width=&raquo;1\/2&#8243;][\/vc_column_inner][vc_column_inner width=&raquo;1\/2&#8243;][vc_single_image image=&raquo;571&#8243;<\/p>\n","protected":false},"author":1,"featured_media":0,"parent":0,"menu_order":0,"comment_status":"closed","ping_status":"closed","template":"","meta":{"footnotes":""},"class_list":["post-2267","page","type-page","status-publish","hentry"],"_links":{"self":[{"href":"https:\/\/www.gseentreprise.com\/no\/wp-json\/wp\/v2\/pages\/2267","targetHints":{"allow":["GET"]}}],"collection":[{"href":"https:\/\/www.gseentreprise.com\/no\/wp-json\/wp\/v2\/pages"}],"about":[{"href":"https:\/\/www.gseentreprise.com\/no\/wp-json\/wp\/v2\/types\/page"}],"author":[{"embeddable":true,"href":"https:\/\/www.gseentreprise.com\/no\/wp-json\/wp\/v2\/users\/1"}],"replies":[{"embeddable":true,"href":"https:\/\/www.gseentreprise.com\/no\/wp-json\/wp\/v2\/comments?post=2267"}],"version-history":[{"count":4,"href":"https:\/\/www.gseentreprise.com\/no\/wp-json\/wp\/v2\/pages\/2267\/revisions"}],"predecessor-version":[{"id":2277,"href":"https:\/\/www.gseentreprise.com\/no\/wp-json\/wp\/v2\/pages\/2267\/revisions\/2277"}],"wp:attachment":[{"href":"https:\/\/www.gseentreprise.com\/no\/wp-json\/wp\/v2\/media?parent=2267"}],"curies":[{"name":"wp","href":"https:\/\/api.w.org\/{rel}","templated":true}]}}