{"id":2278,"date":"2024-02-16T13:21:44","date_gmt":"2024-02-16T13:21:44","guid":{"rendered":"https:\/\/www.gseentreprise.com\/?page_id=2278"},"modified":"2025-12-14T17:10:10","modified_gmt":"2025-12-14T17:10:10","slug":"spillere","status":"publish","type":"page","link":"https:\/\/www.gseentreprise.com\/no\/spillere\/","title":{"rendered":"Spillere"},"content":{"rendered":"<div class=\"wpb-content-wrapper\"><p>[vc_row disable_element=&raquo;yes&raquo; woodmart_css_id=&raquo;667416e889cde&raquo; responsive_spacing=&raquo;eyJwYXJhbV90eXBlIjoid29vZG1hcnRfcmVzcG9uc2l2ZV9zcGFjaW5nIiwic2VsZWN0b3JfaWQiOiI2Njc0MTZlODg5Y2RlIiwic2hvcnRjb2RlIjoidmNfcm93IiwiZGF0YSI6eyJ0YWJsZXQiOnt9LCJtb2JpbGUiOnt9fX0=&raquo; mobile_bg_img_hidden=&raquo;no&raquo; tablet_bg_img_hidden=&raquo;no&raquo; woodmart_parallax=&raquo;0&#8243; woodmart_gradient_switch=&raquo;no&raquo; woodmart_box_shadow=&raquo;no&raquo; wd_z_index=&raquo;no&raquo; woodmart_disable_overflow=&raquo;0&#8243; row_reverse_mobile=&raquo;0&#8243; row_reverse_tablet=&raquo;0&#8243;][vc_column]\t\t\t<link rel=\"stylesheet\" id=\"wd-info-box-css\" href=\"https:\/\/www.gseentreprise.com\/wp-content\/themes\/woodmart\/css\/parts\/el-info-box.min.css?ver=7.3.0\" type=\"text\/css\" media=\"all\" \/> \t\t\t\t\t\t<div class=\"info-box-wrapper\">\n\t\t\t\t<div id=\"wd-65cf61efbc0c4\" class=\" wd-rs-65cf61efbc0c4 wd-info-box wd-wpb text-center box-icon-align-top box-style- color-scheme- wd-bg-none vc_custom_1708089853500\"  >\n\t\t\t\t\t\t\t\t\t\t\t<div class=\"box-icon-wrapper  box-with-icon box-icon-simple\">\n\t\t\t\t\t\t\t<div class=\"info-box-icon\">\n\n\t\t\t\t\t\t\t\n\t\t\t\t\t\t\t\t\t\t\t\t\t\t\t\t\t<img loading=\"lazy\" decoding=\"async\" width=\"530\" height=\"350\" src=\"https:\/\/www.gseentreprise.com\/wp-content\/uploads\/2024\/02\/ABDENOUR-BELKHEIR-1.jpg\" class=\"attachment-full size-full\" alt=\"\" srcset=\"https:\/\/www.gseentreprise.com\/wp-content\/uploads\/2024\/02\/ABDENOUR-BELKHEIR-1.jpg 530w, https:\/\/www.gseentreprise.com\/wp-content\/uploads\/2024\/02\/ABDENOUR-BELKHEIR-1-300x198.jpg 300w\" sizes=\"auto, (max-width: 530px) 100vw, 530px\" \/>\t\t\t\t\t\t\t\t\t\t\t\t\t\t\t\n\t\t\t\t\t\t\t<\/div>\n\t\t\t\t\t\t<\/div>\n\t\t\t\t\t\t\t\t\t\t<div class=\"info-box-content\">\n\t\t\t\t\t\t<h4 class=\"info-box-title title box-title-style-default wd-fontsize-m\">ABDENOUR BELKHEIR<\/h4>\t\t\t\t\t\t<div class=\"info-box-inner set-cont-mb-s reset-last-child\"><\/div>\n\n\t\t\t\t\t\t\t\t\t\t\t<\/div>\n\n\t\t\t\t\t\t\t\t\t<\/div>\n\t\t\t<\/div>\n\t\t\t\t\t<link rel=\"stylesheet\" id=\"wd-mfp-popup-css\" href=\"https:\/\/www.gseentreprise.com\/wp-content\/themes\/woodmart\/css\/parts\/lib-magnific-popup.min.css?ver=7.3.0\" type=\"text\/css\" media=\"all\" \/> \t\t\t<div id=\"wd-65cf62d3cc5ec\" class=\" wd-rs-65cf62d3cc5ec  wd-button-wrapper text-center\"><a href=\"#video\" title=\"\" class=\"btn btn-color-black btn-style-bordered btn-style-rectangle btn-size-large wd-open-popup \">Voir la vid\u00e9o<\/a><\/div><div id=\"video\" class=\"mfp-with-anim wd-popup wd-popup-element mfp-hide wd-rs-65cf62d3cc5ec\" style=\"max-width:800px;\"><div class=\"wd-popup-inner\">[vc_video link=&raquo;https:\/\/www.youtube.com\/watch?v=fpynj6fRQmo&amp;t=31s&raquo; image_poster_switch=&raquo;no&raquo;]<\/div><\/div>[\/vc_column][\/vc_row][vc_row disable_element=&raquo;yes&raquo; css=&raquo;.vc_custom_1718884088892{margin-top: 70px !important;}&raquo; woodmart_css_id=&raquo;667416f22aa71&#8243; responsive_spacing=&raquo;eyJwYXJhbV90eXBlIjoid29vZG1hcnRfcmVzcG9uc2l2ZV9zcGFjaW5nIiwic2VsZWN0b3JfaWQiOiI2Njc0MTZmMjJhYTcxIiwic2hvcnRjb2RlIjoidmNfcm93IiwiZGF0YSI6eyJ0YWJsZXQiOnt9LCJtb2JpbGUiOnt9fX0=&raquo; mobile_bg_img_hidden=&raquo;no&raquo; tablet_bg_img_hidden=&raquo;no&raquo; woodmart_parallax=&raquo;0&#8243; woodmart_gradient_switch=&raquo;no&raquo; woodmart_box_shadow=&raquo;no&raquo; wd_z_index=&raquo;no&raquo; woodmart_disable_overflow=&raquo;0&#8243; row_reverse_mobile=&raquo;0&#8243; row_reverse_tablet=&raquo;0&#8243;][vc_column]\t\t\t<link rel=\"stylesheet\" id=\"wd-section-title-css\" href=\"https:\/\/www.gseentreprise.com\/wp-content\/themes\/woodmart\/css\/parts\/el-section-title.min.css?ver=7.3.0\" type=\"text\/css\" media=\"all\" \/> \t\t\t\t\t\t<link rel=\"stylesheet\" id=\"wd-section-title-style-simple-and-brd-css\" href=\"https:\/\/www.gseentreprise.com\/wp-content\/themes\/woodmart\/css\/parts\/el-section-title-style-simple-and-brd.min.css?ver=7.3.0\" type=\"text\/css\" media=\"all\" \/> \t\t\t\t\t\t<link rel=\"stylesheet\" id=\"wd-mod-highlighted-text-css\" href=\"https:\/\/www.gseentreprise.com\/wp-content\/themes\/woodmart\/css\/parts\/mod-highlighted-text.min.css?ver=7.3.0\" type=\"text\/css\" media=\"all\" \/> \t\t\t\n\t\t<div id=\"wd-660c76cfa7a2c\" class=\"title-wrapper wd-wpb set-mb-s reset-last-child  wd-rs-660c76cfa7a2c wd-title-color-primary wd-title-style-simple text-center  wd-underline-colored\">\n\t\t\t\n\t\t\t<div class=\"liner-continer\">\n\t\t\t\t<h2 class=\"woodmart-title-container title  wd-font-weight- wd-fontsize-l\" >Ces Clients ont \u00e9t\u00e9 repr\u00e9sent\u00e9s par notre Entreprise<br \/>\nG.S.E.E.F.M<\/h2>\n\t\t\t\t\t\t\t<\/div>\n\t\t\t\n\t\t\t\n\t\t\t\n\t\t<\/div>\n\t\t\n\t\t[vc_single_image image=&raquo;1585&#8243; img_size=&raquo;full&raquo; alignment=&raquo;center&raquo; parallax_scroll=&raquo;no&raquo; woodmart_inline=&raquo;no&raquo;][\/vc_column][\/vc_row][vc_row][vc_column]\n\t\t<div id=\"wd-6753443171ec9\" class=\"title-wrapper wd-wpb set-mb-s reset-last-child  wd-rs-6753443171ec9 wd-title-color-default wd-title-style-default text-center  wd-width-enabled wd-underline-colored\" style=\"--wd-max-width: 80%;\">\n\t\t\t\n\t\t\t<div class=\"liner-continer\">\n\t\t\t\t<h4 class=\"woodmart-title-container title  wd-font-weight-500 wd-fontsize-l\" >Som er del av v\u00e5r meklings og kontraktsforvaltningsaktivitet,strberselakapet v\u00e5rt etter \u00e5 beskrytte interessene til partnerspillerne .For \u00e5 finne ut mer vennligst<\/h4>\n\t\t\t\t\t\t\t<\/div>\n\t\t\t\n\t\t\t\n\t\t\t\n\t\t<\/div>\n\t\t\n\t\t<div id=\"wd-6753421373823\" class=\" wd-rs-6753421373823  wd-button-wrapper text-center\"><a href=\"https:\/\/www.gseentreprise.com\/no\/kontakt\/\" title=\"Contactez-nous\" class=\"btn btn-color-black btn-style-link btn-style-rectangle btn-size-large\">KONTAKT OSS<\/a><\/div>[vc_row_inner css=&raquo;.vc_custom_1727199444374{margin-top: 40px !important;}&raquo; woodmart_css_id=&raquo;66f2f8cc8b2a1&#8243; responsive_spacing=&raquo;eyJwYXJhbV90eXBlIjoid29vZG1hcnRfcmVzcG9uc2l2ZV9zcGFjaW5nIiwic2VsZWN0b3JfaWQiOiI2NmYyZjhjYzhiMmExIiwic2hvcnRjb2RlIjoidmNfcm93X2lubmVyIiwiZGF0YSI6eyJ0YWJsZXQiOnt9LCJtb2JpbGUiOnt9fX0=&raquo; mobile_bg_img_hidden=&raquo;no&raquo; tablet_bg_img_hidden=&raquo;no&raquo; woodmart_parallax=&raquo;0&#8243; woodmart_gradient_switch=&raquo;no&raquo; woodmart_box_shadow=&raquo;no&raquo; wd_z_index=&raquo;no&raquo; woodmart_disable_overflow=&raquo;0&#8243; row_reverse_mobile=&raquo;0&#8243; row_reverse_tablet=&raquo;0&#8243;][vc_column_inner width=&raquo;1\/6&#8243;][\/vc_column_inner][vc_column_inner width=&raquo;2\/3&#8243;][vc_video link=&raquo;https:\/\/www.youtube.com\/watch?v=ASP4dhze3pI&raquo; woodmart_css_id=&raquo;693eef32733dc&raquo; image_poster_switch=&raquo;no&raquo;][\/vc_column_inner][vc_column_inner width=&raquo;1\/6&#8243;][\/vc_column_inner][\/vc_row_inner][\/vc_column][\/vc_row]<\/p>\n<\/div>","protected":false},"excerpt":{"rendered":"<p>[vc_row disable_element=&raquo;yes&raquo; woodmart_css_id=&raquo;667416e889cde&raquo; responsive_spacing=&raquo;eyJwYXJhbV90eXBlIjoid29vZG1hcnRfcmVzcG9uc2l2ZV9zcGFjaW5nIiwic2VsZWN0b3JfaWQiOiI2Njc0MTZlODg5Y2RlIiwic2hvcnRjb2RlIjoidmNfcm93IiwiZGF0YSI6eyJ0YWJsZXQiOnt9LCJtb2JpbGUiOnt9fX0=&raquo; mobile_bg_img_hidden=&raquo;no&raquo; tablet_bg_img_hidden=&raquo;no&raquo; woodmart_parallax=&raquo;0&#8243; woodmart_gradient_switch=&raquo;no&raquo; woodmart_box_shadow=&raquo;no&raquo; wd_z_index=&raquo;no&raquo; woodmart_disable_overflow=&raquo;0&#8243; row_reverse_mobile=&raquo;0&#8243; row_reverse_tablet=&raquo;0&#8243;][vc_column][\/vc_column][\/vc_row][vc_row disable_element=&raquo;yes&raquo; css=&raquo;.vc_custom_1718884088892{margin-top: 70px !important;}&raquo; woodmart_css_id=&raquo;667416f22aa71&#8243; responsive_spacing=&raquo;eyJwYXJhbV90eXBlIjoid29vZG1hcnRfcmVzcG9uc2l2ZV9zcGFjaW5nIiwic2VsZWN0b3JfaWQiOiI2Njc0MTZmMjJhYTcxIiwic2hvcnRjb2RlIjoidmNfcm93IiwiZGF0YSI6eyJ0YWJsZXQiOnt9LCJtb2JpbGUiOnt9fX0=&raquo; mobile_bg_img_hidden=&raquo;no&raquo;<\/p>\n","protected":false},"author":1,"featured_media":0,"parent":0,"menu_order":0,"comment_status":"closed","ping_status":"closed","template":"","meta":{"footnotes":""},"class_list":["post-2278","page","type-page","status-publish","hentry"],"_links":{"self":[{"href":"https:\/\/www.gseentreprise.com\/no\/wp-json\/wp\/v2\/pages\/2278","targetHints":{"allow":["GET"]}}],"collection":[{"href":"https:\/\/www.gseentreprise.com\/no\/wp-json\/wp\/v2\/pages"}],"about":[{"href":"https:\/\/www.gseentreprise.com\/no\/wp-json\/wp\/v2\/types\/page"}],"author":[{"embeddable":true,"href":"https:\/\/www.gseentreprise.com\/no\/wp-json\/wp\/v2\/users\/1"}],"replies":[{"embeddable":true,"href":"https:\/\/www.gseentreprise.com\/no\/wp-json\/wp\/v2\/comments?post=2278"}],"version-history":[{"count":6,"href":"https:\/\/www.gseentreprise.com\/no\/wp-json\/wp\/v2\/pages\/2278\/revisions"}],"predecessor-version":[{"id":2421,"href":"https:\/\/www.gseentreprise.com\/no\/wp-json\/wp\/v2\/pages\/2278\/revisions\/2421"}],"wp:attachment":[{"href":"https:\/\/www.gseentreprise.com\/no\/wp-json\/wp\/v2\/media?parent=2278"}],"curies":[{"name":"wp","href":"https:\/\/api.w.org\/{rel}","templated":true}]}}